{"id":2072,"date":"2023-01-25T15:07:17","date_gmt":"2023-01-25T12:07:17","guid":{"rendered":"http:\/\/w.lkti.lt\/?page_id=2072"},"modified":"2023-01-25T16:59:56","modified_gmt":"2023-01-25T13:59:56","slug":"turinys","status":"publish","type":"page","link":"https:\/\/www.sovijus.lt\/en\/archyvas\/2014-t-2-nr-2\/turinys\/","title":{"rendered":"Contents"},"content":{"rendered":"<p><\/p>\n<p align=\"left\"><b>CULTURAL MEMORY AND IDENTITY<\/b><br \/>\n<b><\/b><\/p>\n<p align=\"left\"><strong>Romualdas Juzefovi\u010dius<\/strong>. Vilnius Lithuanian Academic Community during the Interwar Period: Horizons of Expression of Cultural Identity |\u00a0<a href=\"http:\/\/w.lkti.lt\/wp-content\/uploads\/2023\/01\/23-241-1.pdf\" target=\"_blank\" rel=\"noopener\">Summary<\/a><\/p>\n<p align=\"left\"><strong>Margarita Matulyt\u0117.<\/strong>\u00a0Identity without Trope. Pre-war Lithuania in the Photo Archive of the Expeditions of Stasys Vaitkus |\u00a0<a href=\"http:\/\/w.lkti.lt\/wp-content\/uploads\/2023\/01\/40-1.pdf\" target=\"_blank\" rel=\"noopener\">Summary<\/a><\/p>\n<p align=\"left\"><strong>Valdas Selenis.<\/strong>\u00a0The Works from Cultural History of Petras Klimas |\u00a0<a href=\"http:\/\/w.lkti.lt\/wp-content\/uploads\/2023\/01\/54-1.pdf\" target=\"_blank\" rel=\"noopener\">Summary<\/a><\/p>\n<p align=\"left\"><b>RELIGION AND MORALITY<\/b><\/p>\n<p align=\"left\"><strong>Basia Nikiforova.<\/strong>\u00a0<a href=\"http:\/\/w.lkti.lt\/wp-content\/uploads\/2023\/01\/55-67-1.pdf\" target=\"_blank\" rel=\"noopener\">The Changing Borders of Tolerance and European Media Discourse<\/a>\u00a0| Summary<a href=\"https:\/\/www.sovijus.lt\/wordpress\/wp-content\/uploads\/2014\/12\/68.pdf\"><br \/>\n<\/a><\/p>\n<p align=\"left\"><strong>\u041f\u0430\u0432\u0435\u043b \u041c\u0430\u0442\u0432\u0435\u0435\u0432.<\/strong>\u00a0<a href=\"http:\/\/w.lkti.lt\/wp-content\/uploads\/2023\/01\/69-801.pdf\" target=\"_blank\" rel=\"noopener\">\u041a\u043e\u043d\u0441\u0442\u0440\u0443\u043a\u0442\u0438\u0432\u043d\u044b\u0439 \u0440\u0435\u0430\u043b\u0438\u0437\u043c \u0438 \u043c\u043e\u0440\u0430\u043b\u044c\u043d\u044b\u0435 \u0446\u0435\u043d\u043d\u043e\u0441\u0442\u0438<\/a>\u00a0|\u00a0<a href=\"http:\/\/w.lkti.lt\/wp-content\/uploads\/2023\/01\/82-1.pdf\" target=\"_blank\" rel=\"noopener\">Summary<\/a><\/p>\n<p align=\"left\"><b>CROSSROADS OF CULTURES: EAST AND WEST<\/b><\/p>\n<p align=\"left\"><strong>Antanas Andrijauskas.<\/strong>\u00a0<a href=\"http:\/\/w.lkti.lt\/wp-content\/uploads\/2023\/01\/83-98-1.pdf\" target=\"_blank\" rel=\"noopener\">The<em>\u00a0N\u0101\u1e6dya\u015b\u0101stra\u2019s<\/em>\u00a0World of Aesthetic Ideas<\/a>\u00a0| Summary<\/p>\n<p align=\"left\"><strong>Deima Katinait\u0117.<\/strong>\u00a0The Impact of the Oriental Ideas to Itten Theory of Color |\u00a0<a href=\"http:\/\/w.lkti.lt\/wp-content\/uploads\/2023\/01\/115-1.pdf\" target=\"_blank\" rel=\"noopener\">Summary<\/a><\/p>\n<p align=\"left\"><strong>Deimantas Valan\u010di\u016bnas.<\/strong>\u00a0Hello \/ Farewell London: Construction of the Dichotomy between East and West in Indian Popular Cinema |\u00a0<a href=\"http:\/\/w.lkti.lt\/wp-content\/uploads\/2023\/01\/129-1.pdf\" target=\"_blank\" rel=\"noopener\">Summary<\/a><\/p>\n<p align=\"left\"><strong>\u017divil\u0117 Adul\u010dikait\u0117.<\/strong>\u00a0<a href=\"http:\/\/w.lkti.lt\/wp-content\/uploads\/2023\/01\/130-138-1.pdf\" target=\"_blank\" rel=\"noopener\">Representation of Terrorism in Bollywood: Muslim Women\u2019s Agencies in\u00a0<\/a><em><a href=\"http:\/\/w.lkti.lt\/wp-content\/uploads\/2023\/01\/130-138-1.pdf\">Kurbaan<\/a>\u00a0|\u00a0<\/em>Summary<\/p>\n<p align=\"left\"><b><\/b><strong>BOOK AND CONFERENCE REVIEWS<\/strong><\/p>\n<p align=\"left\"><strong>K\u0119stutis \u0160apoka.<\/strong>\u00a0Instead of Introduction<\/p>\n<p align=\"left\"><strong>Naglis Kardelis.<\/strong>\u00a0Poetical Glorification of Passion and Joy of Life: Treading the Paths of th\u00a0<i>Gytagovinda\u2019s<\/i>\u00a0Jungle of Meanings<\/p>\n<p align=\"left\"><strong>Ona Gaidamavi\u010di\u016bt\u0117.\u00a0<\/strong>Recalling the Conference \u201cThe Phenomenon of \u010ciurlionis: New Interpretive Possibilities\u201d, or Blank Areas in the Research of Mikalojus Konstantinas \u010ciurlionis<\/p>\n<p align=\"left\"><strong>Basia Nikiforova.<\/strong>\u00a0<strong>Romualdas Juzefovi\u010dius.<\/strong>\u00a0A Conference Investigations into Historical and Cultural Heritage<\/p>\n<p><strong><a href=\"http:\/\/w.lkti.lt\/wp-content\/uploads\/2023\/01\/158-159.pdf\" target=\"_blank\" rel=\"noopener\">Guidelines for Contributors<\/a><\/strong><\/p>","protected":false},"excerpt":{"rendered":"<p>CULTURAL MEMORY AND IDENTITY Romualdas Juzefovi\u010dius. Vilnius Lithuanian Academic Community during the Interwar Period: Horizons of Expression of Cultural Identity |\u00a0Summary Margarita Matulyt\u0117.\u00a0Identity without Trope. Pre-war Lithuania in the Photo Archive of the Expeditions of Stasys Vaitkus |\u00a0Summary Valdas Selenis.\u00a0The Works from Cultural History of Petras Klimas |\u00a0Summary RELIGION AND MORALITY Basia Nikiforova.\u00a0The Changing Borders [&hellip;]<\/p>\n","protected":false},"author":1,"featured_media":0,"parent":2059,"menu_order":0,"comment_status":"closed","ping_status":"closed","template":"","meta":{"ocean_post_layout":"","ocean_both_sidebars_style":"","ocean_both_sidebars_content_width":0,"ocean_both_sidebars_sidebars_width":0,"ocean_sidebar":"0","ocean_second_sidebar":"0","ocean_disable_margins":"enable","ocean_add_body_class":"","ocean_shortcode_before_top_bar":"","ocean_shortcode_after_top_bar":"","ocean_shortcode_before_header":"","ocean_shortcode_after_header":"","ocean_has_shortcode":"","ocean_shortcode_after_title":"","ocean_shortcode_before_footer_widgets":"","ocean_shortcode_after_footer_widgets":"","ocean_shortcode_before_footer_bottom":"","ocean_shortcode_after_footer_bottom":"","ocean_display_top_bar":"default","ocean_display_header":"default","ocean_header_style":"","ocean_center_header_left_menu":"0","ocean_custom_header_template":"0","ocean_custom_logo":0,"ocean_custom_retina_logo":0,"ocean_custom_logo_max_width":0,"ocean_custom_logo_tablet_max_width":0,"ocean_custom_logo_mobile_max_width":0,"ocean_custom_logo_max_height":0,"ocean_custom_logo_tablet_max_height":0,"ocean_custom_logo_mobile_max_height":0,"ocean_header_custom_menu":"0","ocean_menu_typo_font_family":"0","ocean_menu_typo_font_subset":"","ocean_menu_typo_font_size":0,"ocean_menu_typo_font_size_tablet":0,"ocean_menu_typo_font_size_mobile":0,"ocean_menu_typo_font_size_unit":"px","ocean_menu_typo_font_weight":"","ocean_menu_typo_font_weight_tablet":"","ocean_menu_typo_font_weight_mobile":"","ocean_menu_typo_transform":"","ocean_menu_typo_transform_tablet":"","ocean_menu_typo_transform_mobile":"","ocean_menu_typo_line_height":0,"ocean_menu_typo_line_height_tablet":0,"ocean_menu_typo_line_height_mobile":0,"ocean_menu_typo_line_height_unit":"","ocean_menu_typo_spacing":0,"ocean_menu_typo_spacing_tablet":0,"ocean_menu_typo_spacing_mobile":0,"ocean_menu_typo_spacing_unit":"","ocean_menu_link_color":"","ocean_menu_link_color_hover":"","ocean_menu_link_color_active":"","ocean_menu_link_background":"","ocean_menu_link_hover_background":"","ocean_menu_link_active_background":"","ocean_menu_social_links_bg":"","ocean_menu_social_hover_links_bg":"","ocean_menu_social_links_color":"","ocean_menu_social_hover_links_color":"","ocean_disable_title":"default","ocean_disable_heading":"default","ocean_post_title":"","ocean_post_subheading":"","ocean_post_title_style":"","ocean_post_title_background_color":"","ocean_post_title_background":0,"ocean_post_title_bg_image_position":"","ocean_post_title_bg_image_attachment":"","ocean_post_title_bg_image_repeat":"","ocean_post_title_bg_image_size":"","ocean_post_title_height":0,"ocean_post_title_bg_overlay":0.5,"ocean_post_title_bg_overlay_color":"","ocean_disable_breadcrumbs":"default","ocean_breadcrumbs_color":"","ocean_breadcrumbs_separator_color":"","ocean_breadcrumbs_links_color":"","ocean_breadcrumbs_links_hover_color":"","ocean_display_footer_widgets":"default","ocean_display_footer_bottom":"default","ocean_custom_footer_template":"0","footnotes":""},"class_list":["post-2072","page","type-page","status-publish","hentry","entry"],"_links":{"self":[{"href":"https:\/\/www.sovijus.lt\/en\/wp-json\/wp\/v2\/pages\/2072","targetHints":{"allow":["GET"]}}],"collection":[{"href":"https:\/\/www.sovijus.lt\/en\/wp-json\/wp\/v2\/pages"}],"about":[{"href":"https:\/\/www.sovijus.lt\/en\/wp-json\/wp\/v2\/types\/page"}],"author":[{"embeddable":true,"href":"https:\/\/www.sovijus.lt\/en\/wp-json\/wp\/v2\/users\/1"}],"replies":[{"embeddable":true,"href":"https:\/\/www.sovijus.lt\/en\/wp-json\/wp\/v2\/comments?post=2072"}],"version-history":[{"count":6,"href":"https:\/\/www.sovijus.lt\/en\/wp-json\/wp\/v2\/pages\/2072\/revisions"}],"predecessor-version":[{"id":2135,"href":"https:\/\/www.sovijus.lt\/en\/wp-json\/wp\/v2\/pages\/2072\/revisions\/2135"}],"up":[{"embeddable":true,"href":"https:\/\/www.sovijus.lt\/en\/wp-json\/wp\/v2\/pages\/2059"}],"wp:attachment":[{"href":"https:\/\/www.sovijus.lt\/en\/wp-json\/wp\/v2\/media?parent=2072"}],"curies":[{"name":"wp","href":"https:\/\/api.w.org\/{rel}","templated":true}]}}