{"id":2219,"date":"2023-01-26T10:33:31","date_gmt":"2023-01-26T07:33:31","guid":{"rendered":"http:\/\/w.lkti.lt\/?page_id=2219"},"modified":"2023-01-26T10:45:33","modified_gmt":"2023-01-26T07:45:33","slug":"turinys","status":"publish","type":"page","link":"https:\/\/www.sovijus.lt\/en\/archyvas\/2016-t-4-nr-1\/turinys\/","title":{"rendered":"Contents"},"content":{"rendered":"<p>Dainius Razauskas.\u00a0<em>Kaukysa<\/em>\u00a0and\u00a0<em>kaukai<\/em><\/p>\n<p><strong>CULTURAL IDENTITY OF LITHUANIANS\u00a0<\/strong><\/p>\n<p>\u017dilvinas Svigaris. The Recovery of Archaic Lithuanian Thinking \/\u00a0<a href=\"http:\/\/w.lkti.lt\/wp-content\/uploads\/2023\/01\/19-Zilvinas-Svigaris-Summary.pdf\" target=\"_blank\" rel=\"noopener\">Summary<\/a><\/p>\n<p>Salom\u0117ja Jastrumskyt\u0117. Future Images in Lithuanian Society on\u00a0the Boundary of XX\u2013XXI Centuries \/\u00a0<a href=\"http:\/\/w.lkti.lt\/wp-content\/uploads\/2023\/01\/26-Salomeja-Jastrumskyte-Summary.pdf\" target=\"_blank\" rel=\"noopener\">Summary<\/a><\/p>\n<p><strong>IDEOLOGY AND ARTS<\/strong><\/p>\n<p>K\u0119stutis \u0160apoka. Vytautas Kairi\u016bk\u0161tis: Aesthetic, Ideology and the Dilemma of (Non)conformation in the Post-war Soviet Occupation Period \/\u00a0<a href=\"http:\/\/w.lkti.lt\/wp-content\/uploads\/2023\/01\/38-Kestutis-Sapoka-Summary.pdf\" target=\"_blank\" rel=\"noopener\">Summary<\/a><\/p>\n<p>Kristina Civinskien\u0117. Kaunas Painting Symbolic Value in the Media of the Late Soviet Period \/\u00a0<a href=\"http:\/\/w.lkti.lt\/wp-content\/uploads\/2023\/01\/52-Kristina-Civinskiene-Summary.pdf\" target=\"_blank\" rel=\"noopener\">Summary<\/a><\/p>\n<p><strong>CULTURAL CROSSROADS OF EAST AND WEST\u00a0<\/strong><\/p>\n<p>Antanas Andrijauskas.\u00a0<a href=\"http:\/\/w.lkti.lt\/wp-content\/uploads\/2023\/01\/53-63-Antanas-Andrijauskas.pdf\" target=\"_blank\" rel=\"noopener\">Chan Aesthetics from the Perspective of Comparative Analysis<\/a><\/p>\n<p>Rasius Makselis.\u00a0<a href=\"http:\/\/w.lkti.lt\/wp-content\/uploads\/2023\/01\/65-78-Rasius-Makselis.pdf\" target=\"_blank\" rel=\"noopener\">Concept of Life in the Context of Neoplatonic Noetics<\/a><\/p>\n<p>Ernestas Jan\u010denkas. The Concept of Ruler in al-Farabi\u2019s Political Philosophy \/\u00a0<a href=\"http:\/\/w.lkti.lt\/wp-content\/uploads\/2023\/01\/101-Ernestas-Jancenkas-Summary.pdf\" target=\"_blank\" rel=\"noopener\">Summary<\/a><\/p>\n<p>J\u016brat\u0117 Grigoraityt\u0117. Image and Poetics in Raj Kapoor\u2019s Movie \u201cShree\u00a0420\u201d \/\u00a0<a href=\"http:\/\/w.lkti.lt\/wp-content\/uploads\/2023\/01\/120-Jurate-Grigoraityte-Summary.pdf\" target=\"_blank\" rel=\"noopener\">Summary<\/a><\/p>\n<p><strong>CONFERENCE REVIEWS<\/strong><\/p>\n<p>Ona Gaidamavi\u010di\u016bt\u0117. Reflections on the Philosophy of Martin Heidegger: Heidegger\u2019s Challenge to the Western Tradition of Thinking<\/p>\n<p>Stanislovas Juknevi\u010dius. Lithuanian Nation in the Soviet Period: identity configurations<\/p>\n<p>Juozas Al. Krik\u0161topaitis, Alvydas Noreika, Birut\u0117 Railien\u0117. Conference of Historians of Science and Philosophers Scientia et historia \u2013 2016<\/p>\n<p><strong>BOOK REVIEWS<\/strong><\/p>\n<p>Loreta Glebavi\u010di\u016bt\u0117. Bibliography on the Lover of Lithuania: the book \u201cJonas Basanavi\u010dius: Bibliography Index. Part I\u201d, prepared at the Wroblewski\u00a0 Library of the Lithuanian Academy of Sciences<\/p>\n<p>Elvyra Usa\u010diovait\u0117. The Proof of the Creative Work of the Museum<\/p>\n<p><em>About authors<\/em><\/p>\n<p><em>Guidelines for Contributors<\/em><\/p>","protected":false},"excerpt":{"rendered":"<p>Dainius Razauskas.\u00a0Kaukysa\u00a0and\u00a0kaukai CULTURAL IDENTITY OF LITHUANIANS\u00a0 \u017dilvinas Svigaris. The Recovery of Archaic Lithuanian Thinking \/\u00a0Summary Salom\u0117ja Jastrumskyt\u0117. Future Images in Lithuanian Society on\u00a0the Boundary of XX\u2013XXI Centuries \/\u00a0Summary IDEOLOGY AND ARTS K\u0119stutis \u0160apoka. Vytautas Kairi\u016bk\u0161tis: Aesthetic, Ideology and the Dilemma of (Non)conformation in the Post-war Soviet Occupation Period \/\u00a0Summary Kristina Civinskien\u0117. Kaunas Painting Symbolic Value [&hellip;]<\/p>\n","protected":false},"author":1,"featured_media":0,"parent":2207,"menu_order":0,"comment_status":"closed","ping_status":"closed","template":"","meta":{"ocean_post_layout":"","ocean_both_sidebars_style":"","ocean_both_sidebars_content_width":0,"ocean_both_sidebars_sidebars_width":0,"ocean_sidebar":"0","ocean_second_sidebar":"0","ocean_disable_margins":"enable","ocean_add_body_class":"","ocean_shortcode_before_top_bar":"","ocean_shortcode_after_top_bar":"","ocean_shortcode_before_header":"","ocean_shortcode_after_header":"","ocean_has_shortcode":"","ocean_shortcode_after_title":"","ocean_shortcode_before_footer_widgets":"","ocean_shortcode_after_footer_widgets":"","ocean_shortcode_before_footer_bottom":"","ocean_shortcode_after_footer_bottom":"","ocean_display_top_bar":"default","ocean_display_header":"default","ocean_header_style":"","ocean_center_header_left_menu":"0","ocean_custom_header_template":"0","ocean_custom_logo":0,"ocean_custom_retina_logo":0,"ocean_custom_logo_max_width":0,"ocean_custom_logo_tablet_max_width":0,"ocean_custom_logo_mobile_max_width":0,"ocean_custom_logo_max_height":0,"ocean_custom_logo_tablet_max_height":0,"ocean_custom_logo_mobile_max_height":0,"ocean_header_custom_menu":"0","ocean_menu_typo_font_family":"0","ocean_menu_typo_font_subset":"","ocean_menu_typo_font_size":0,"ocean_menu_typo_font_size_tablet":0,"ocean_menu_typo_font_size_mobile":0,"ocean_menu_typo_font_size_unit":"px","ocean_menu_typo_font_weight":"","ocean_menu_typo_font_weight_tablet":"","ocean_menu_typo_font_weight_mobile":"","ocean_menu_typo_transform":"","ocean_menu_typo_transform_tablet":"","ocean_menu_typo_transform_mobile":"","ocean_menu_typo_line_height":0,"ocean_menu_typo_line_height_tablet":0,"ocean_menu_typo_line_height_mobile":0,"ocean_menu_typo_line_height_unit":"","ocean_menu_typo_spacing":0,"ocean_menu_typo_spacing_tablet":0,"ocean_menu_typo_spacing_mobile":0,"ocean_menu_typo_spacing_unit":"","ocean_menu_link_color":"","ocean_menu_link_color_hover":"","ocean_menu_link_color_active":"","ocean_menu_link_background":"","ocean_menu_link_hover_background":"","ocean_menu_link_active_background":"","ocean_menu_social_links_bg":"","ocean_menu_social_hover_links_bg":"","ocean_menu_social_links_color":"","ocean_menu_social_hover_links_color":"","ocean_disable_title":"default","ocean_disable_heading":"default","ocean_post_title":"","ocean_post_subheading":"","ocean_post_title_style":"","ocean_post_title_background_color":"","ocean_post_title_background":0,"ocean_post_title_bg_image_position":"","ocean_post_title_bg_image_attachment":"","ocean_post_title_bg_image_repeat":"","ocean_post_title_bg_image_size":"","ocean_post_title_height":0,"ocean_post_title_bg_overlay":0.5,"ocean_post_title_bg_overlay_color":"","ocean_disable_breadcrumbs":"default","ocean_breadcrumbs_color":"","ocean_breadcrumbs_separator_color":"","ocean_breadcrumbs_links_color":"","ocean_breadcrumbs_links_hover_color":"","ocean_display_footer_widgets":"default","ocean_display_footer_bottom":"default","ocean_custom_footer_template":"0","footnotes":""},"class_list":["post-2219","page","type-page","status-publish","hentry","entry"],"_links":{"self":[{"href":"https:\/\/www.sovijus.lt\/en\/wp-json\/wp\/v2\/pages\/2219","targetHints":{"allow":["GET"]}}],"collection":[{"href":"https:\/\/www.sovijus.lt\/en\/wp-json\/wp\/v2\/pages"}],"about":[{"href":"https:\/\/www.sovijus.lt\/en\/wp-json\/wp\/v2\/types\/page"}],"author":[{"embeddable":true,"href":"https:\/\/www.sovijus.lt\/en\/wp-json\/wp\/v2\/users\/1"}],"replies":[{"embeddable":true,"href":"https:\/\/www.sovijus.lt\/en\/wp-json\/wp\/v2\/comments?post=2219"}],"version-history":[{"count":4,"href":"https:\/\/www.sovijus.lt\/en\/wp-json\/wp\/v2\/pages\/2219\/revisions"}],"predecessor-version":[{"id":2248,"href":"https:\/\/www.sovijus.lt\/en\/wp-json\/wp\/v2\/pages\/2219\/revisions\/2248"}],"up":[{"embeddable":true,"href":"https:\/\/www.sovijus.lt\/en\/wp-json\/wp\/v2\/pages\/2207"}],"wp:attachment":[{"href":"https:\/\/www.sovijus.lt\/en\/wp-json\/wp\/v2\/media?parent=2219"}],"curies":[{"name":"wp","href":"https:\/\/api.w.org\/{rel}","templated":true}]}}