{"id":2292,"date":"2023-01-26T12:43:31","date_gmt":"2023-01-26T09:43:31","guid":{"rendered":"http:\/\/w.lkti.lt\/?page_id=2292"},"modified":"2023-01-26T13:04:42","modified_gmt":"2023-01-26T10:04:42","slug":"turinys","status":"publish","type":"page","link":"https:\/\/www.sovijus.lt\/en\/archyvas\/2017-t-5-nr-1\/turinys\/","title":{"rendered":"Contents"},"content":{"rendered":"<p><strong>Adomas Matuliauskas.<\/strong>\u00a0The Stories of the Hills of Vilnius<\/p>\n<p><strong>BALTIC CULTURE<\/strong><\/p>\n<p><strong>Rimantas Balsys.\u00a0<\/strong><a href=\"http:\/\/w.lkti.lt\/wp-content\/uploads\/2023\/01\/Sovijus.T.5.Nr_.1.p.9-22.Balsys.pdf\">Lithuanian and Prussian Sacrificial Offering Sites: The Jauja, or Grain Drying Room<\/a><\/p>\n<p><strong>Elvyra Usa\u010diovait\u0117.<\/strong>\u00a0The Symbols in the Writings of Simonas Daukantas |\u00a0<a href=\"http:\/\/w.lkti.lt\/wp-content\/uploads\/2023\/01\/Sovijus.T.5.Nr_.1.p.45.Usaciovaite.Summary.pdf\" target=\"_blank\" rel=\"noopener\">Summary<\/a><\/p>\n<p><strong>SCIENCE, CULTURE, SOCIETY<\/strong><\/p>\n<p><strong>Romualdas Juzefovi\u010dius<\/strong>. The Experiences of Science Communication in Lithuania\u2019s Interwar Society: Historical-Educational Activity |\u00a0<a href=\"http:\/\/w.lkti.lt\/wp-content\/uploads\/2023\/01\/Sovijus.T.5.Nr_.1.p.67.Juzefovicius.Summary.pdf\" target=\"_blank\" rel=\"noopener\">Summary<\/a><\/p>\n<p><strong>Alvydas Noreika<\/strong>. Conceptions of Space in Vytautas Kavolis\u2019 Sociology |\u00a0<a href=\"http:\/\/w.lkti.lt\/wp-content\/uploads\/2023\/01\/Sovijus.T.5.Nr_.1.p.83.Noreika.Summary.pdf\" target=\"_blank\" rel=\"noopener\">Summary<\/a><\/p>\n<p><strong>AESTHETICS AND ART HISTORY<\/strong><\/p>\n<p><strong>Pille Veljataga<\/strong>. Notions of the National Art Development in Lithuania and Estonia at the End of the 19th and the Beginning of the 20th Centuries |\u00a0<a href=\"http:\/\/w.lkti.lt\/wp-content\/uploads\/2023\/01\/Sovijus.T.5.Nr_.1.p.107-108.Veljataga.Summary.pdf\" target=\"_blank\" rel=\"noopener\">Summary<\/a><\/p>\n<p><strong>Salom\u0117ja Jastrumskyt\u0117.\u00a0<\/strong><a href=\"http:\/\/w.lkti.lt\/wp-content\/uploads\/2023\/01\/Sovijus.T.5.Nr_.1.p.109-119.Jastrumskyte.pdf\" target=\"_blank\" rel=\"noopener\">The Conception of Synaesthesia in the Works of Wassily Kandinsky<\/a><\/p>\n<p><strong>PUBLICATION OF THE SOURCE<\/strong><\/p>\n<p><strong>Juozas Keliuotis<\/strong>. Justinas Vieno\u017einskis and his Epoch. Fragment of Memoirs<\/p>\n<p><strong>BOOK AND CONFERENCES REVIEWS<\/strong><\/p>\n<p><strong>Ona Gaidamavi\u010di\u016bt\u0117.\u00a0<\/strong>Phenomenon of Algis U\u017edavinys: the Road to Spiritual Enlightenment<\/p>\n<p><strong>Basia Nikiforova.<\/strong>\u00a0<a href=\"http:\/\/w.lkti.lt\/wp-content\/uploads\/2023\/01\/Sovijus.T.5.Nr_.1.p.131-137.Nikiforova.pdf\" target=\"_blank\" rel=\"noopener\">Deconstructing Border Theory: a New Way of Thinking About Europe\u2019s Borders<\/a><\/p>\n<p><strong>Juozas Al. Krik\u0161topaitis, Alvydas Noreika, Birut\u0117 Railien\u0117.\u00a0<\/strong>Conference of Lithuanian Science Historians and Philosophers\u00a0<em>Scientia et historia \u2013 2017<\/em><\/p>\n<p><strong>IN MEMORIAM OF PAULIUS NORMANTAS<\/strong><\/p>\n<p><em><a href=\"http:\/\/w.lkti.lt\/wp-content\/uploads\/2023\/01\/Sovijus.T.5.Nr_.1.p.153-154.Our_.Contributors.pdf\">About Authors<\/a><\/em><\/p>\n<p><em><a href=\"http:\/\/w.lkti.lt\/wp-content\/uploads\/2023\/01\/Sovijus.T.5.Nr_.1.p.158-159.Guidelines.for_.Contributors.pdf\" target=\"_blank\" rel=\"noopener\">Guidelines for Contributors<\/a><\/em><\/p>","protected":false},"excerpt":{"rendered":"<p>Adomas Matuliauskas.\u00a0The Stories of the Hills of Vilnius BALTIC CULTURE Rimantas Balsys.\u00a0Lithuanian and Prussian Sacrificial Offering Sites: The Jauja, or Grain Drying Room Elvyra Usa\u010diovait\u0117.\u00a0The Symbols in the Writings of Simonas Daukantas |\u00a0Summary SCIENCE, CULTURE, SOCIETY Romualdas Juzefovi\u010dius. The Experiences of Science Communication in Lithuania\u2019s Interwar Society: Historical-Educational Activity |\u00a0Summary Alvydas Noreika. Conceptions of Space [&hellip;]<\/p>\n","protected":false},"author":1,"featured_media":0,"parent":2278,"menu_order":0,"comment_status":"closed","ping_status":"closed","template":"","meta":{"ocean_post_layout":"","ocean_both_sidebars_style":"","ocean_both_sidebars_content_width":0,"ocean_both_sidebars_sidebars_width":0,"ocean_sidebar":"0","ocean_second_sidebar":"0","ocean_disable_margins":"enable","ocean_add_body_class":"","ocean_shortcode_before_top_bar":"","ocean_shortcode_after_top_bar":"","ocean_shortcode_before_header":"","ocean_shortcode_after_header":"","ocean_has_shortcode":"","ocean_shortcode_after_title":"","ocean_shortcode_before_footer_widgets":"","ocean_shortcode_after_footer_widgets":"","ocean_shortcode_before_footer_bottom":"","ocean_shortcode_after_footer_bottom":"","ocean_display_top_bar":"default","ocean_display_header":"default","ocean_header_style":"","ocean_center_header_left_menu":"0","ocean_custom_header_template":"0","ocean_custom_logo":0,"ocean_custom_retina_logo":0,"ocean_custom_logo_max_width":0,"ocean_custom_logo_tablet_max_width":0,"ocean_custom_logo_mobile_max_width":0,"ocean_custom_logo_max_height":0,"ocean_custom_logo_tablet_max_height":0,"ocean_custom_logo_mobile_max_height":0,"ocean_header_custom_menu":"0","ocean_menu_typo_font_family":"0","ocean_menu_typo_font_subset":"","ocean_menu_typo_font_size":0,"ocean_menu_typo_font_size_tablet":0,"ocean_menu_typo_font_size_mobile":0,"ocean_menu_typo_font_size_unit":"px","ocean_menu_typo_font_weight":"","ocean_menu_typo_font_weight_tablet":"","ocean_menu_typo_font_weight_mobile":"","ocean_menu_typo_transform":"","ocean_menu_typo_transform_tablet":"","ocean_menu_typo_transform_mobile":"","ocean_menu_typo_line_height":0,"ocean_menu_typo_line_height_tablet":0,"ocean_menu_typo_line_height_mobile":0,"ocean_menu_typo_line_height_unit":"","ocean_menu_typo_spacing":0,"ocean_menu_typo_spacing_tablet":0,"ocean_menu_typo_spacing_mobile":0,"ocean_menu_typo_spacing_unit":"","ocean_menu_link_color":"","ocean_menu_link_color_hover":"","ocean_menu_link_color_active":"","ocean_menu_link_background":"","ocean_menu_link_hover_background":"","ocean_menu_link_active_background":"","ocean_menu_social_links_bg":"","ocean_menu_social_hover_links_bg":"","ocean_menu_social_links_color":"","ocean_menu_social_hover_links_color":"","ocean_disable_title":"default","ocean_disable_heading":"default","ocean_post_title":"","ocean_post_subheading":"","ocean_post_title_style":"","ocean_post_title_background_color":"","ocean_post_title_background":0,"ocean_post_title_bg_image_position":"","ocean_post_title_bg_image_attachment":"","ocean_post_title_bg_image_repeat":"","ocean_post_title_bg_image_size":"","ocean_post_title_height":0,"ocean_post_title_bg_overlay":0.5,"ocean_post_title_bg_overlay_color":"","ocean_disable_breadcrumbs":"default","ocean_breadcrumbs_color":"","ocean_breadcrumbs_separator_color":"","ocean_breadcrumbs_links_color":"","ocean_breadcrumbs_links_hover_color":"","ocean_display_footer_widgets":"default","ocean_display_footer_bottom":"default","ocean_custom_footer_template":"0","footnotes":""},"class_list":["post-2292","page","type-page","status-publish","hentry","entry"],"_links":{"self":[{"href":"https:\/\/www.sovijus.lt\/en\/wp-json\/wp\/v2\/pages\/2292","targetHints":{"allow":["GET"]}}],"collection":[{"href":"https:\/\/www.sovijus.lt\/en\/wp-json\/wp\/v2\/pages"}],"about":[{"href":"https:\/\/www.sovijus.lt\/en\/wp-json\/wp\/v2\/types\/page"}],"author":[{"embeddable":true,"href":"https:\/\/www.sovijus.lt\/en\/wp-json\/wp\/v2\/users\/1"}],"replies":[{"embeddable":true,"href":"https:\/\/www.sovijus.lt\/en\/wp-json\/wp\/v2\/comments?post=2292"}],"version-history":[{"count":5,"href":"https:\/\/www.sovijus.lt\/en\/wp-json\/wp\/v2\/pages\/2292\/revisions"}],"predecessor-version":[{"id":2324,"href":"https:\/\/www.sovijus.lt\/en\/wp-json\/wp\/v2\/pages\/2292\/revisions\/2324"}],"up":[{"embeddable":true,"href":"https:\/\/www.sovijus.lt\/en\/wp-json\/wp\/v2\/pages\/2278"}],"wp:attachment":[{"href":"https:\/\/www.sovijus.lt\/en\/wp-json\/wp\/v2\/media?parent=2292"}],"curies":[{"name":"wp","href":"https:\/\/api.w.org\/{rel}","templated":true}]}}