{"id":2382,"date":"2023-01-26T16:38:41","date_gmt":"2023-01-26T13:38:41","guid":{"rendered":"http:\/\/w.lkti.lt\/?page_id=2382"},"modified":"2023-01-26T16:59:23","modified_gmt":"2023-01-26T13:59:23","slug":"turinys","status":"publish","type":"page","link":"https:\/\/www.sovijus.lt\/en\/archyvas\/2018-t-6-nr-1\/turinys\/","title":{"rendered":"Contents"},"content":{"rendered":"<p><b>STATE AND CULTURE<\/b><\/p>\n<p><b>Stanislovas Juknevi\u010dius.<\/b>\u00a0Communist Myth of the\u00a0<i>Golden Age<\/i>: Origins and Features of its Evolution \/\u00a0<em><a href=\"http:\/\/w.lkti.lt\/wp-content\/uploads\/2023\/01\/Sovijus-T.-6-Nr.-1_25_Juknevicius_Summary.pdf\" target=\"_blank\" rel=\"noopener\">Summary<\/a><\/em><\/p>\n<p><b>Aurelija Mykolaityt\u0117.<\/b>\u00a0Self-presentation of the (Post)soviet Writter. A Memoirs Book \u201eUnwanted Man. Accents\u201c by Eduardas Mie\u017eelaitis \/\u00a0<a href=\"http:\/\/w.lkti.lt\/wp-content\/uploads\/2023\/01\/Sovijus-T.-6-Nr.-1_34_Mykolaityte_Summary.pdf\" target=\"_blank\" rel=\"noopener\">Summary<\/a><\/p>\n<p><b>INTERSECTIONS OF EASTERN AND WESTERN CULTURES\u00a0<\/b><\/p>\n<p><b>Algis Mick\u016bnas.\u00a0<\/b><a href=\"http:\/\/w.lkti.lt\/wp-content\/uploads\/2023\/01\/Sovijus-T.-6-Nr.-1_35-48_Mickunas.pdf\" target=\"_blank\" rel=\"noopener\">The Space-Time Morphologies of Civilizations<\/a><\/p>\n<p><b>Aivaras Stepukonis.\u00a0<\/b><a href=\"http:\/\/w.lkti.lt\/wp-content\/uploads\/2023\/01\/Sovijus-T.-6-Nr.-1_50-66_Stepukonis.pdf\" target=\"_blank\" rel=\"noopener\">Between the East and the West: Comparative Culturological Features of Max Scheler\u2019s Sociology of Knowledge<\/a><\/p>\n<p><b>Loreta Po\u0161kait\u0117.\u00a0<\/b>The Mythologization of Chinese Culture in 21th Century: between the Past and Present, China and the West \/\u00a0<em><a href=\"http:\/\/w.lkti.lt\/wp-content\/uploads\/2023\/01\/Sovijus-T.-6-Nr.-1_85_Poskaite_Summary.pdf\" target=\"_blank\" rel=\"noopener\">Summary<\/a><\/em><i>\u00a0<\/i><\/p>\n<p><b>Ernestas Jan\u010denkas.\u00a0<\/b>Salvation of the Rational Soul: The Primacy of Theoretical Knowledge in Avicenna\u2019s Soteriology \/\u00a0<a href=\"http:\/\/w.lkti.lt\/wp-content\/uploads\/2023\/01\/Sovijus-T.-6-Nr.-1_105_Jancenkas_Summary.pdf\" target=\"_blank\" rel=\"noopener\">Summary<\/a><i>\u00a0<\/i><\/p>\n<p><b>AESTHETICS AND ART RESEARCH\u00a0<\/b><\/p>\n<p><b>Antanas Andrijauskas.\u00a0<\/b><a href=\"http:\/\/w.lkti.lt\/wp-content\/uploads\/2023\/01\/Sovijus-T.-6-Nr.-1_107-116_Andrijauskas.pdf\" target=\"_blank\" rel=\"noopener\">Nathalie Heinich\u2019s Pragmatic Sociology of Art<\/a><\/p>\n<p><b>J\u016brat\u0117 Landsbergyt\u0117-Becher.\u00a0<\/b>Aesthetic of Catastrophism in Transformations of Splitting Minimalism: View into the Creative Work of Mykolas Natalevi\u010dius \/\u00a0<em><a href=\"http:\/\/w.lkti.lt\/wp-content\/uploads\/2023\/01\/Sovijus-T.-6-Nr.-1_127_Landsbergyte-Becker_Summary.pdf\" target=\"_blank\" rel=\"noopener\">Summary<\/a><\/em><i>\u00a0<\/i><\/p>\n<p><b>Lina Gotaut\u0117.\u00a0<\/b>The Basic Aesthetic Principles of N\u014d Theatre and its Reflections on Scene \/\u00a0<em><a href=\"http:\/\/w.lkti.lt\/wp-content\/uploads\/2023\/01\/Sovijus-T.-6-Nr.-1_136_Gotaute_Summary.pdf\" target=\"_blank\" rel=\"noopener\">Summary<\/a><\/em><\/p>\n<p><b>BOOK AND CONFERENCES REVIEWS\u00a0<\/b><\/p>\n<p><b>\u017dilvinas Svigaris.\u00a0<\/b>Comparative Vision of the History of Ideas of Aesthetics and Philosophy<\/p>\n<p><b>Birut\u0117 Pank\u016bnait\u0117.<\/b>\u00a0The Intersection of Time Periods and its Contexts: National Scientific Conference \u201cEchoes of the World of Yesterday\u201d<\/p>\n<p><em><a href=\"http:\/\/w.lkti.lt\/wp-content\/uploads\/2023\/01\/Sovijus-T.-6-Nr.-1_154-155_Our-Contributors.pdf\" target=\"_blank\" rel=\"noopener\">About Authors\u00a0<\/a><\/em><\/p>\n<p><em><a href=\"http:\/\/w.lkti.lt\/wp-content\/uploads\/2023\/01\/Sovijus-T.-6-Nr.-1_158-159_Guidelines-for-Contributors.pdf\" target=\"_blank\" rel=\"noopener\">Guidelines for Contributors<\/a><\/em><\/p>","protected":false},"excerpt":{"rendered":"<p>STATE AND CULTURE Stanislovas Juknevi\u010dius.\u00a0Communist Myth of the\u00a0Golden Age: Origins and Features of its Evolution \/\u00a0Summary Aurelija Mykolaityt\u0117.\u00a0Self-presentation of the (Post)soviet Writter. A Memoirs Book \u201eUnwanted Man. Accents\u201c by Eduardas Mie\u017eelaitis \/\u00a0Summary INTERSECTIONS OF EASTERN AND WESTERN CULTURES\u00a0 Algis Mick\u016bnas.\u00a0The Space-Time Morphologies of Civilizations Aivaras Stepukonis.\u00a0Between the East and the West: Comparative Culturological Features of [&hellip;]<\/p>\n","protected":false},"author":1,"featured_media":0,"parent":2374,"menu_order":0,"comment_status":"closed","ping_status":"closed","template":"","meta":{"ocean_post_layout":"","ocean_both_sidebars_style":"","ocean_both_sidebars_content_width":0,"ocean_both_sidebars_sidebars_width":0,"ocean_sidebar":"0","ocean_second_sidebar":"0","ocean_disable_margins":"enable","ocean_add_body_class":"","ocean_shortcode_before_top_bar":"","ocean_shortcode_after_top_bar":"","ocean_shortcode_before_header":"","ocean_shortcode_after_header":"","ocean_has_shortcode":"","ocean_shortcode_after_title":"","ocean_shortcode_before_footer_widgets":"","ocean_shortcode_after_footer_widgets":"","ocean_shortcode_before_footer_bottom":"","ocean_shortcode_after_footer_bottom":"","ocean_display_top_bar":"default","ocean_display_header":"default","ocean_header_style":"","ocean_center_header_left_menu":"0","ocean_custom_header_template":"0","ocean_custom_logo":0,"ocean_custom_retina_logo":0,"ocean_custom_logo_max_width":0,"ocean_custom_logo_tablet_max_width":0,"ocean_custom_logo_mobile_max_width":0,"ocean_custom_logo_max_height":0,"ocean_custom_logo_tablet_max_height":0,"ocean_custom_logo_mobile_max_height":0,"ocean_header_custom_menu":"0","ocean_menu_typo_font_family":"0","ocean_menu_typo_font_subset":"","ocean_menu_typo_font_size":0,"ocean_menu_typo_font_size_tablet":0,"ocean_menu_typo_font_size_mobile":0,"ocean_menu_typo_font_size_unit":"px","ocean_menu_typo_font_weight":"","ocean_menu_typo_font_weight_tablet":"","ocean_menu_typo_font_weight_mobile":"","ocean_menu_typo_transform":"","ocean_menu_typo_transform_tablet":"","ocean_menu_typo_transform_mobile":"","ocean_menu_typo_line_height":0,"ocean_menu_typo_line_height_tablet":0,"ocean_menu_typo_line_height_mobile":0,"ocean_menu_typo_line_height_unit":"","ocean_menu_typo_spacing":0,"ocean_menu_typo_spacing_tablet":0,"ocean_menu_typo_spacing_mobile":0,"ocean_menu_typo_spacing_unit":"","ocean_menu_link_color":"","ocean_menu_link_color_hover":"","ocean_menu_link_color_active":"","ocean_menu_link_background":"","ocean_menu_link_hover_background":"","ocean_menu_link_active_background":"","ocean_menu_social_links_bg":"","ocean_menu_social_hover_links_bg":"","ocean_menu_social_links_color":"","ocean_menu_social_hover_links_color":"","ocean_disable_title":"default","ocean_disable_heading":"default","ocean_post_title":"","ocean_post_subheading":"","ocean_post_title_style":"","ocean_post_title_background_color":"","ocean_post_title_background":0,"ocean_post_title_bg_image_position":"","ocean_post_title_bg_image_attachment":"","ocean_post_title_bg_image_repeat":"","ocean_post_title_bg_image_size":"","ocean_post_title_height":0,"ocean_post_title_bg_overlay":0.5,"ocean_post_title_bg_overlay_color":"","ocean_disable_breadcrumbs":"default","ocean_breadcrumbs_color":"","ocean_breadcrumbs_separator_color":"","ocean_breadcrumbs_links_color":"","ocean_breadcrumbs_links_hover_color":"","ocean_display_footer_widgets":"default","ocean_display_footer_bottom":"default","ocean_custom_footer_template":"0","footnotes":""},"class_list":["post-2382","page","type-page","status-publish","hentry","entry"],"_links":{"self":[{"href":"https:\/\/www.sovijus.lt\/en\/wp-json\/wp\/v2\/pages\/2382","targetHints":{"allow":["GET"]}}],"collection":[{"href":"https:\/\/www.sovijus.lt\/en\/wp-json\/wp\/v2\/pages"}],"about":[{"href":"https:\/\/www.sovijus.lt\/en\/wp-json\/wp\/v2\/types\/page"}],"author":[{"embeddable":true,"href":"https:\/\/www.sovijus.lt\/en\/wp-json\/wp\/v2\/users\/1"}],"replies":[{"embeddable":true,"href":"https:\/\/www.sovijus.lt\/en\/wp-json\/wp\/v2\/comments?post=2382"}],"version-history":[{"count":5,"href":"https:\/\/www.sovijus.lt\/en\/wp-json\/wp\/v2\/pages\/2382\/revisions"}],"predecessor-version":[{"id":2421,"href":"https:\/\/www.sovijus.lt\/en\/wp-json\/wp\/v2\/pages\/2382\/revisions\/2421"}],"up":[{"embeddable":true,"href":"https:\/\/www.sovijus.lt\/en\/wp-json\/wp\/v2\/pages\/2374"}],"wp:attachment":[{"href":"https:\/\/www.sovijus.lt\/en\/wp-json\/wp\/v2\/media?parent=2382"}],"curies":[{"name":"wp","href":"https:\/\/api.w.org\/{rel}","templated":true}]}}