{"id":2628,"date":"2023-01-28T14:19:25","date_gmt":"2023-01-28T11:19:25","guid":{"rendered":"http:\/\/w.lkti.lt\/?page_id=2628"},"modified":"2023-01-28T17:04:10","modified_gmt":"2023-01-28T14:04:10","slug":"titulinis-puslapis","status":"publish","type":"page","link":"https:\/\/www.sovijus.lt\/en\/archyvas\/2020-t-8-nr-2\/titulinis-puslapis\/","title":{"rendered":"Front page"},"content":{"rendered":"<p>SOVIJUS. INTERDISCIPLINARY STUDIES OF CULTURE is a peer-reviewed semi-annual journal of\u00a0<a href=\"http:\/\/www.lkti.lt\/\">Lithuanian Culture Research Institute<\/a>\u00a0for discussing important problems of cultural development, spread and interaction of different cultures, as well as for developing the new research fields of cultural studies. The journal contains scientific articles and studies, covering the culture development and spread, cultural theory, civilisational comparativistics, social and cultural anthropology, cultural memory, cultural psychology, cultural sociology, new media culture findings as well as translations of topical texts, historical sources, reviews and conference reviews. The editorial board focuses on theoretical and methodological problems of exploring culture as well as various issues of relative fields. Articles are published in Lithuanian, English and other languages commonly used by the academic community.<\/p>\n<p>The journal is supplemented with a series of studies and monographs.<\/p>\n<p><b>Editor-in-Chief<\/b><\/p>\n<p>Akad. prof. Antanas Andrijauskas (Lithuanian Culture Research Institute)<b>\u00a0<\/b><\/p>\n<p><b>Deputy Editor-in-Chief<\/b><\/p>\n<p>Dr. Stanislovas Juknevi\u010dius (Lithuanian Culture Research Institute)<\/p>\n<p><b>Editorial Board<\/b><\/p>\n<p>Akad. prof. Antanas Andrijauskas (Lithuanian Culture Research Institute)<\/p>\n<p>Prof. Dr. Ruben Apresian (Russian Academy of Sciences, Institute of Philosophy)<\/p>\n<p>Prof. Sekhar Basu (University of Delhi)<\/p>\n<p>Acad. Prof. Dr. Audrius Beinorius (Vilnius University)<\/p>\n<p>Prof. Dr. hab. Pawel Bytniewski (University of Maria Cury Sklodowska in Lublin)<\/p>\n<p>Assoc. prof. Dr. Naglis Kardelis (Lithuanian Culture Research Institute)<\/p>\n<p>Akad. prof. Janina Kursyt\u0117-Pakul\u0117 (Latvian<\/p>\n<p>Academy of Sciences, Latvia University)<\/p>\n<p>Dr. Dainius Razauskas (The Institute of Lithuanian Literature and Folklore)<\/p>\n<p>Prof. Dr. hab. Charles Ridoux (Universit\u00e9 de Valenciennes)<\/p>\n<p>Dr. Vytautas Rubavi\u010dius (Lithuanian Culture Research Institute)<\/p>\n<p>Prof. Carles Salazar (University of Lleida)<\/p>\n<p>Prof. Emeritus Hidemichi Tanaka (Tohoku University)<\/p>\n<p><b>Lithuanian Language Editor<\/b><\/p>\n<p>Ona Gaidamavi\u010di\u016bt\u0117<\/p>\n<p><b>Design<\/b><\/p>\n<p>Skaist\u0117 A\u0161menavi\u010di\u016bt\u0117<\/p>\n<p>Recommended for publishing by the Council of Science of Lithuanian Culture Research Institute<\/p>\n<p>Every article is reviewed by two reviewers<\/p>\n<p>Address:<\/p>\n<p>Lithuanian Culture Research Institute<\/p>\n<p>Saltoni\u0161ki\u0173 St. 58, LT-08105, Vilnius, Lithuania<\/p>\n<p>E-mail:\u00a0<a href=\"mailto:editor@sovijus.lt\">editor@sovijus.lt<\/a><\/p>\n<p>Tel. \/ fax (+370) 5 2751898<\/p>\n<p><a href=\"http:\/\/www.sovijus.lt\/\">www.sovijus.lt<\/a><\/p>\n<p>ISSN 2351-4728 (online version)<\/p>\n<p>ISSN 2351-471X (printed version)<\/p>","protected":false},"excerpt":{"rendered":"<p>SOVIJUS. INTERDISCIPLINARY STUDIES OF CULTURE is a peer-reviewed semi-annual journal of\u00a0Lithuanian Culture Research Institute\u00a0for discussing important problems of cultural development, spread and interaction of different cultures, as well as for developing the new research fields of cultural studies. The journal contains scientific articles and studies, covering the culture development and spread, cultural theory, civilisational comparativistics, [&hellip;]<\/p>\n","protected":false},"author":1,"featured_media":0,"parent":2624,"menu_order":0,"comment_status":"closed","ping_status":"closed","template":"","meta":{"ocean_post_layout":"","ocean_both_sidebars_style":"","ocean_both_sidebars_content_width":0,"ocean_both_sidebars_sidebars_width":0,"ocean_sidebar":"0","ocean_second_sidebar":"0","ocean_disable_margins":"enable","ocean_add_body_class":"","ocean_shortcode_before_top_bar":"","ocean_shortcode_after_top_bar":"","ocean_shortcode_before_header":"","ocean_shortcode_after_header":"","ocean_has_shortcode":"","ocean_shortcode_after_title":"","ocean_shortcode_before_footer_widgets":"","ocean_shortcode_after_footer_widgets":"","ocean_shortcode_before_footer_bottom":"","ocean_shortcode_after_footer_bottom":"","ocean_display_top_bar":"default","ocean_display_header":"default","ocean_header_style":"","ocean_center_header_left_menu":"0","ocean_custom_header_template":"0","ocean_custom_logo":0,"ocean_custom_retina_logo":0,"ocean_custom_logo_max_width":0,"ocean_custom_logo_tablet_max_width":0,"ocean_custom_logo_mobile_max_width":0,"ocean_custom_logo_max_height":0,"ocean_custom_logo_tablet_max_height":0,"ocean_custom_logo_mobile_max_height":0,"ocean_header_custom_menu":"0","ocean_menu_typo_font_family":"0","ocean_menu_typo_font_subset":"","ocean_menu_typo_font_size":0,"ocean_menu_typo_font_size_tablet":0,"ocean_menu_typo_font_size_mobile":0,"ocean_menu_typo_font_size_unit":"px","ocean_menu_typo_font_weight":"","ocean_menu_typo_font_weight_tablet":"","ocean_menu_typo_font_weight_mobile":"","ocean_menu_typo_transform":"","ocean_menu_typo_transform_tablet":"","ocean_menu_typo_transform_mobile":"","ocean_menu_typo_line_height":0,"ocean_menu_typo_line_height_tablet":0,"ocean_menu_typo_line_height_mobile":0,"ocean_menu_typo_line_height_unit":"","ocean_menu_typo_spacing":0,"ocean_menu_typo_spacing_tablet":0,"ocean_menu_typo_spacing_mobile":0,"ocean_menu_typo_spacing_unit":"","ocean_menu_link_color":"","ocean_menu_link_color_hover":"","ocean_menu_link_color_active":"","ocean_menu_link_background":"","ocean_menu_link_hover_background":"","ocean_menu_link_active_background":"","ocean_menu_social_links_bg":"","ocean_menu_social_hover_links_bg":"","ocean_menu_social_links_color":"","ocean_menu_social_hover_links_color":"","ocean_disable_title":"default","ocean_disable_heading":"default","ocean_post_title":"","ocean_post_subheading":"","ocean_post_title_style":"","ocean_post_title_background_color":"","ocean_post_title_background":0,"ocean_post_title_bg_image_position":"","ocean_post_title_bg_image_attachment":"","ocean_post_title_bg_image_repeat":"","ocean_post_title_bg_image_size":"","ocean_post_title_height":0,"ocean_post_title_bg_overlay":0.5,"ocean_post_title_bg_overlay_color":"","ocean_disable_breadcrumbs":"default","ocean_breadcrumbs_color":"","ocean_breadcrumbs_separator_color":"","ocean_breadcrumbs_links_color":"","ocean_breadcrumbs_links_hover_color":"","ocean_display_footer_widgets":"default","ocean_display_footer_bottom":"default","ocean_custom_footer_template":"0","footnotes":""},"class_list":["post-2628","page","type-page","status-publish","hentry","entry"],"_links":{"self":[{"href":"https:\/\/www.sovijus.lt\/en\/wp-json\/wp\/v2\/pages\/2628","targetHints":{"allow":["GET"]}}],"collection":[{"href":"https:\/\/www.sovijus.lt\/en\/wp-json\/wp\/v2\/pages"}],"about":[{"href":"https:\/\/www.sovijus.lt\/en\/wp-json\/wp\/v2\/types\/page"}],"author":[{"embeddable":true,"href":"https:\/\/www.sovijus.lt\/en\/wp-json\/wp\/v2\/users\/1"}],"replies":[{"embeddable":true,"href":"https:\/\/www.sovijus.lt\/en\/wp-json\/wp\/v2\/comments?post=2628"}],"version-history":[{"count":3,"href":"https:\/\/www.sovijus.lt\/en\/wp-json\/wp\/v2\/pages\/2628\/revisions"}],"predecessor-version":[{"id":2656,"href":"https:\/\/www.sovijus.lt\/en\/wp-json\/wp\/v2\/pages\/2628\/revisions\/2656"}],"up":[{"embeddable":true,"href":"https:\/\/www.sovijus.lt\/en\/wp-json\/wp\/v2\/pages\/2624"}],"wp:attachment":[{"href":"https:\/\/www.sovijus.lt\/en\/wp-json\/wp\/v2\/media?parent=2628"}],"curies":[{"name":"wp","href":"https:\/\/api.w.org\/{rel}","templated":true}]}}