{"id":2683,"date":"2023-01-28T19:05:53","date_gmt":"2023-01-28T16:05:53","guid":{"rendered":"http:\/\/w.lkti.lt\/?page_id=2683"},"modified":"2023-02-06T12:39:00","modified_gmt":"2023-02-06T09:39:00","slug":"sovijaus-studiju-ir-monografiju-serija-nr-4","status":"publish","type":"page","link":"https:\/\/www.sovijus.lt\/en\/studijos-ir-monografijos\/naujausias-leidinys\/sovijaus-studiju-ir-monografiju-serija-nr-4\/","title":{"rendered":"SOVIJUS\u2019S STUDY AND MONOGRAPH SERIES No. 1"},"content":{"rendered":"<p><\/p>\n<h3><strong>ISSN 2351-4728<\/strong><\/h3>\n<p>The scientific study examines the concept of the \u201cTheater of Cruelty\u201d by famous French poet, theater and culture critic, play and film scriptwriter, artist, actor and director Antonin Marie Joseph Artaud (1896-1948). Having based on the Aristotle\u2019s drama theory, it reveals the relationship between literature and theater, analyses unrepresentative body concept, its relationship to language and the transition to the visual realm, explores the assumptions of its appearance as well as studies the forms that are acquired by the concept of \u201cthe body without organs\u201d in theoretical and practical fields.<\/p>\n<p>Recommended for publishing by the Council of Science of Lithuanian Culture Research Institute<\/p>\n<p>Reviewed by:<\/p>\n<p>Habil. dr. professor J\u016brat\u0117 Baranova (Lithuanian University of Educational Sciences)<\/p>\n<p>Assoc. prof. dr. Rasa Vasinauskait\u0117 (Lithuanian Academy of Music and Theatre)<\/p>\n<p>Editor Margarita Dautartien\u0117<\/p>\n<p>Design Skaist\u0117 A\u0161menavi\u010di\u016bt\u0117<\/p>\n<p>\u00a9 Lithuanian Culture Research Institute<\/p>\n<p>\u00a9 Kristina Karvelyt\u0117<\/p>","protected":false},"excerpt":{"rendered":"<p>ISSN 2351-4728 The scientific study examines the concept of the \u201cTheater of Cruelty\u201d by famous French poet, theater and culture critic, play and film scriptwriter, artist, actor and director Antonin Marie Joseph Artaud (1896-1948). Having based on the Aristotle\u2019s drama theory, it reveals the relationship between literature and theater, analyses unrepresentative body concept, its relationship [&hellip;]<\/p>\n","protected":false},"author":1,"featured_media":0,"parent":2679,"menu_order":0,"comment_status":"closed","ping_status":"closed","template":"","meta":{"ocean_post_layout":"","ocean_both_sidebars_style":"","ocean_both_sidebars_content_width":0,"ocean_both_sidebars_sidebars_width":0,"ocean_sidebar":"0","ocean_second_sidebar":"0","ocean_disable_margins":"enable","ocean_add_body_class":"","ocean_shortcode_before_top_bar":"","ocean_shortcode_after_top_bar":"","ocean_shortcode_before_header":"","ocean_shortcode_after_header":"","ocean_has_shortcode":"","ocean_shortcode_after_title":"","ocean_shortcode_before_footer_widgets":"","ocean_shortcode_after_footer_widgets":"","ocean_shortcode_before_footer_bottom":"","ocean_shortcode_after_footer_bottom":"","ocean_display_top_bar":"default","ocean_display_header":"default","ocean_header_style":"","ocean_center_header_left_menu":"0","ocean_custom_header_template":"0","ocean_custom_logo":0,"ocean_custom_retina_logo":0,"ocean_custom_logo_max_width":0,"ocean_custom_logo_tablet_max_width":0,"ocean_custom_logo_mobile_max_width":0,"ocean_custom_logo_max_height":0,"ocean_custom_logo_tablet_max_height":0,"ocean_custom_logo_mobile_max_height":0,"ocean_header_custom_menu":"0","ocean_menu_typo_font_family":"0","ocean_menu_typo_font_subset":"","ocean_menu_typo_font_size":0,"ocean_menu_typo_font_size_tablet":0,"ocean_menu_typo_font_size_mobile":0,"ocean_menu_typo_font_size_unit":"px","ocean_menu_typo_font_weight":"","ocean_menu_typo_font_weight_tablet":"","ocean_menu_typo_font_weight_mobile":"","ocean_menu_typo_transform":"","ocean_menu_typo_transform_tablet":"","ocean_menu_typo_transform_mobile":"","ocean_menu_typo_line_height":0,"ocean_menu_typo_line_height_tablet":0,"ocean_menu_typo_line_height_mobile":0,"ocean_menu_typo_line_height_unit":"","ocean_menu_typo_spacing":0,"ocean_menu_typo_spacing_tablet":0,"ocean_menu_typo_spacing_mobile":0,"ocean_menu_typo_spacing_unit":"","ocean_menu_link_color":"","ocean_menu_link_color_hover":"","ocean_menu_link_color_active":"","ocean_menu_link_background":"","ocean_menu_link_hover_background":"","ocean_menu_link_active_background":"","ocean_menu_social_links_bg":"","ocean_menu_social_hover_links_bg":"","ocean_menu_social_links_color":"","ocean_menu_social_hover_links_color":"","ocean_disable_title":"default","ocean_disable_heading":"default","ocean_post_title":"","ocean_post_subheading":"","ocean_post_title_style":"","ocean_post_title_background_color":"","ocean_post_title_background":0,"ocean_post_title_bg_image_position":"","ocean_post_title_bg_image_attachment":"","ocean_post_title_bg_image_repeat":"","ocean_post_title_bg_image_size":"","ocean_post_title_height":0,"ocean_post_title_bg_overlay":0.5,"ocean_post_title_bg_overlay_color":"","ocean_disable_breadcrumbs":"default","ocean_breadcrumbs_color":"","ocean_breadcrumbs_separator_color":"","ocean_breadcrumbs_links_color":"","ocean_breadcrumbs_links_hover_color":"","ocean_display_footer_widgets":"default","ocean_display_footer_bottom":"default","ocean_custom_footer_template":"0","footnotes":""},"class_list":["post-2683","page","type-page","status-publish","hentry","entry"],"_links":{"self":[{"href":"https:\/\/www.sovijus.lt\/en\/wp-json\/wp\/v2\/pages\/2683","targetHints":{"allow":["GET"]}}],"collection":[{"href":"https:\/\/www.sovijus.lt\/en\/wp-json\/wp\/v2\/pages"}],"about":[{"href":"https:\/\/www.sovijus.lt\/en\/wp-json\/wp\/v2\/types\/page"}],"author":[{"embeddable":true,"href":"https:\/\/www.sovijus.lt\/en\/wp-json\/wp\/v2\/users\/1"}],"replies":[{"embeddable":true,"href":"https:\/\/www.sovijus.lt\/en\/wp-json\/wp\/v2\/comments?post=2683"}],"version-history":[{"count":2,"href":"https:\/\/www.sovijus.lt\/en\/wp-json\/wp\/v2\/pages\/2683\/revisions"}],"predecessor-version":[{"id":2727,"href":"https:\/\/www.sovijus.lt\/en\/wp-json\/wp\/v2\/pages\/2683\/revisions\/2727"}],"up":[{"embeddable":true,"href":"https:\/\/www.sovijus.lt\/en\/wp-json\/wp\/v2\/pages\/2679"}],"wp:attachment":[{"href":"https:\/\/www.sovijus.lt\/en\/wp-json\/wp\/v2\/media?parent=2683"}],"curies":[{"name":"wp","href":"https:\/\/api.w.org\/{rel}","templated":true}]}}