{"id":2979,"date":"2023-02-09T14:30:26","date_gmt":"2023-02-09T11:30:26","guid":{"rendered":"http:\/\/w.lkti.lt\/?page_id=2979"},"modified":"2023-02-10T10:34:14","modified_gmt":"2023-02-10T07:34:14","slug":"turinys","status":"publish","type":"page","link":"https:\/\/www.sovijus.lt\/en\/archyvas\/2022-t-10-nr-1\/turinys\/","title":{"rendered":"Table of contents"},"content":{"rendered":"<p><strong>BALTIC<\/strong> <strong>CULTURE<\/strong><\/p>\n<p><strong>Dainius Razauskas<\/strong>. The World-Yard: Germanic world-enclosure and its Baltic reflections \/ <a href=\"http:\/\/w.lkti.lt\/wp-content\/uploads\/2023\/02\/SOVIJUS-T.-10-Nr.-1_9-22_Razauskas_summary.pdf\" target=\"_blank\" rel=\"noopener\"><em>Summary<\/em><\/a><\/p>\n<p><strong>Vytautas Tum\u0117nas. <\/strong>Local and intercultural context of the sculpture of \u201eThundergod Perk\u016bnas from Kernav\u0117\u201c \/ <a href=\"http:\/\/w.lkti.lt\/wp-content\/uploads\/2023\/02\/SOVIJUS-T.-10-Nr.-1_23-44_Tumenas_summary.pdf\" target=\"_blank\" rel=\"noopener\"><em>Summary<\/em><\/a><\/p>\n<p><strong>PHILOSOPHY,<\/strong> <strong>RELIGION<\/strong> <strong>AND<\/strong> <strong>ANTHROPOLOGY<\/strong><\/p>\n<p><strong>Aivaras Stepukonis<\/strong>. <a href=\"http:\/\/w.lkti.lt\/wp-content\/uploads\/2023\/02\/SOVIJUS-T.-10-Nr.-1_45-54_Stepukonis.pdf\" target=\"_blank\" rel=\"noopener\">(Post)Modernizing Contemporary Intellectual Culture<\/a> \/ <a href=\"http:\/\/w.lkti.lt\/wp-content\/uploads\/2023\/02\/SOVIJUS-T.-10-Nr.-1_45-54_Stepukonis_santrauka.pdf\" target=\"_blank\" rel=\"noopener\"><em>Summary in Lithuanian<\/em><\/a><\/p>\n<p><strong>Algis Mick\u016bnas. <\/strong><a href=\"http:\/\/w.lkti.lt\/wp-content\/uploads\/2023\/02\/SOVIJUS-T.-10-Nr.-1_55-73_Mickunas.pdf\" target=\"_blank\" rel=\"noopener\">Comparative Religions: the Cosmic Trension between Woman<\/a> \/ <a href=\"http:\/\/w.lkti.lt\/wp-content\/uploads\/2023\/02\/SOVIJUS-T.-10-Nr.-1_55-73_Mickunas.pdf\" target=\"_blank\" rel=\"noopener\">Man<\/a> \/ <a href=\"http:\/\/w.lkti.lt\/wp-content\/uploads\/2023\/02\/SOVIJUS-T.-10-Nr.-1_55-73_Mickunas_santrauka.pdf\" target=\"_blank\" rel=\"noopener\"><em>Summary in Lithuanian<\/em><\/a><\/p>\n<p><strong>\u017dilvinas<\/strong><strong> Vareikis<\/strong><em>.<\/em> The Relationship between Intercultural and Religious Thinking \/ <a href=\"http:\/\/w.lkti.lt\/wp-content\/uploads\/2023\/02\/SOVIJUS-T.-10-Nr.-1_74-92_Vareikis_summary.pdf\" target=\"_blank\" rel=\"noopener\"><em>Summary<\/em><\/a><\/p>\n<p><strong>Inga<\/strong> <strong>Lau\u017eonyt\u0117.<\/strong> Reception of anthropocene problems in the concepts of B. Latour and E. Coccia \/ <a href=\"http:\/\/w.lkti.lt\/wp-content\/uploads\/2023\/02\/SOVIJUS-T.-10-Nr.-1_93-106_Lauzonyte_summary.pdf\" target=\"_blank\" rel=\"noopener\"><em>Summary<\/em><\/a><\/p>\n<p><strong>Ina Kiseliova-El Marassy<\/strong>. Imagining the Beyond: the Imaginal World in Suhrawardi\u2019s Philosophy \/ <a href=\"http:\/\/w.lkti.lt\/wp-content\/uploads\/2023\/02\/SOVIJUS-T.-10-Nr.-1_107-118_Kiseliova-El-Marassy_summary.pdf\" target=\"_blank\" rel=\"noopener\"><em>Summary<\/em><\/a><\/p>\n<p><strong>Alma Lau\u017eonyt\u0117<\/strong>. Violation of the Taboos of Cannibalism. Sociocultural, Anthropological and Psychoanalytic Critique of Cannibalism \/ <a href=\"http:\/\/w.lkti.lt\/wp-content\/uploads\/2023\/02\/SOVIJUS-T.-10-Nr.-119-136_Alma-Lauzonyte-_summary.pdf\" target=\"_blank\" rel=\"noopener\"><em>Summary<\/em><\/a><\/p>\n<p><strong>AESTHETICS,<\/strong> <strong>PHILOSOPHY<\/strong> <strong>OF<\/strong> <strong>ART<\/strong><\/p>\n<p><strong>Antanas<\/strong> <strong>Andrijauskas<\/strong>. \u010ciurlionis\u2019 Pictorial Quests in the Environment of Modern Art Leaders \/ <a href=\"http:\/\/w.lkti.lt\/wp-content\/uploads\/2023\/02\/SOVIJUS-T.-10-Nr.-137-180_Andrijauskas_summary.pdf\" target=\"_blank\" rel=\"noopener\"><em>Summary<\/em><\/a><\/p>\n<p><strong>Yumiko Nunokawa<\/strong>. \u010ciurlionis Japonijoje \/ <a href=\"http:\/\/w.lkti.lt\/wp-content\/uploads\/2023\/02\/SOVIJUS-T.-10-Nr.-181-192_Nunokawa_santrauka.pdf\" target=\"_blank\" rel=\"noopener\">Summary<\/a><\/p>\n<p><strong>Justas Dalinkevi\u010dius<\/strong>. Mysticism of Linguistic Aesthetics Between the Boundaries of Thinking and Poetry: The Case of Aldrich and Blake \/ <a href=\"http:\/\/w.lkti.lt\/wp-content\/uploads\/2023\/02\/SOVIJUS-T.-10-Nr.-193-200_Dalinkevicius_summary.pdf\" target=\"_blank\" rel=\"noopener\"><em>Summary<\/em><\/a><\/p>\n<p><strong>Malvina<\/strong> <strong>Jelinskait\u0117.<\/strong> Mediation of photographic images in the personal process of artistic creation \/ <a href=\"http:\/\/w.lkti.lt\/wp-content\/uploads\/2023\/02\/SOVIJUS-T.-10-Nr.-201-207_Jelinskaite_summary.pdf\" target=\"_blank\" rel=\"noopener\"><em>Summary<\/em><\/a><\/p>\n<p><strong>Dalia<\/strong> <strong>Aleksandravi\u010di\u016bt\u0117.<\/strong> Particularities of Franciscan Perspective Optics in the Middle Ages: Peculiarity of the Order and its Influence on the Spread of Optical Science \/ <a href=\"http:\/\/w.lkti.lt\/wp-content\/uploads\/2023\/02\/SOVIJUS-T.-10-Nr.-208-225_Aleksandraviciute_summary.pdf\" target=\"_blank\" rel=\"noopener\"><em>Summary<\/em><\/a><\/p>\n<p><strong>PUBLICATIONS<\/strong> <strong>AND<\/strong> <strong>CONFERENCE<\/strong> <strong>REVIEWS<\/strong><\/p>\n<p><strong>Gottlob<\/strong> <strong>Frege.<\/strong> A thought. Logical exploration (translated by <em>\u017dilvinas<\/em> <em>Vareikis<\/em>)<\/p>\n<p><strong>Onut\u0117 Gaidamavi\u010di\u016bt\u0117. <\/strong>The Review of the Museums Conference: Folk Art Research actualization<\/p>\n<p><a href=\"http:\/\/w.lkti.lt\/wp-content\/uploads\/2023\/02\/our_contributors.pdf\" target=\"_blank\" rel=\"noopener\">Our Contributors<\/a><\/p>\n<p><a href=\"http:\/\/w.lkti.lt\/wp-content\/uploads\/2023\/02\/editor_policy.pdf\" target=\"_blank\" rel=\"noopener\">Editorial Policy<\/a><\/p>\n<p><a href=\"http:\/\/w.lkti.lt\/wp-content\/uploads\/2023\/02\/author_guidelines.pdf\" target=\"_blank\" rel=\"noopener\">Guidelines for Contributors<\/a><\/p>\n<p><a href=\"http:\/\/w.lkti.lt\/wp-content\/uploads\/2023\/02\/paper_promotion.pdf\" target=\"_blank\" rel=\"noopener\">Paper Promotion<\/a><\/p>","protected":false},"excerpt":{"rendered":"<p>BALTIC CULTURE Dainius Razauskas. The World-Yard: Germanic world-enclosure and its Baltic reflections \/ Summary Vytautas Tum\u0117nas. Local and intercultural context of the sculpture of \u201eThundergod Perk\u016bnas from Kernav\u0117\u201c \/ Summary PHILOSOPHY, RELIGION AND ANTHROPOLOGY Aivaras Stepukonis. (Post)Modernizing Contemporary Intellectual Culture \/ Summary in Lithuanian Algis Mick\u016bnas. Comparative Religions: the Cosmic Trension between Woman \/ Man [&hellip;]<\/p>\n","protected":false},"author":1,"featured_media":0,"parent":2965,"menu_order":0,"comment_status":"closed","ping_status":"closed","template":"","meta":{"ocean_post_layout":"","ocean_both_sidebars_style":"","ocean_both_sidebars_content_width":0,"ocean_both_sidebars_sidebars_width":0,"ocean_sidebar":"0","ocean_second_sidebar":"0","ocean_disable_margins":"enable","ocean_add_body_class":"","ocean_shortcode_before_top_bar":"","ocean_shortcode_after_top_bar":"","ocean_shortcode_before_header":"","ocean_shortcode_after_header":"","ocean_has_shortcode":"","ocean_shortcode_after_title":"","ocean_shortcode_before_footer_widgets":"","ocean_shortcode_after_footer_widgets":"","ocean_shortcode_before_footer_bottom":"","ocean_shortcode_after_footer_bottom":"","ocean_display_top_bar":"default","ocean_display_header":"default","ocean_header_style":"","ocean_center_header_left_menu":"0","ocean_custom_header_template":"0","ocean_custom_logo":0,"ocean_custom_retina_logo":0,"ocean_custom_logo_max_width":0,"ocean_custom_logo_tablet_max_width":0,"ocean_custom_logo_mobile_max_width":0,"ocean_custom_logo_max_height":0,"ocean_custom_logo_tablet_max_height":0,"ocean_custom_logo_mobile_max_height":0,"ocean_header_custom_menu":"0","ocean_menu_typo_font_family":"0","ocean_menu_typo_font_subset":"","ocean_menu_typo_font_size":0,"ocean_menu_typo_font_size_tablet":0,"ocean_menu_typo_font_size_mobile":0,"ocean_menu_typo_font_size_unit":"px","ocean_menu_typo_font_weight":"","ocean_menu_typo_font_weight_tablet":"","ocean_menu_typo_font_weight_mobile":"","ocean_menu_typo_transform":"","ocean_menu_typo_transform_tablet":"","ocean_menu_typo_transform_mobile":"","ocean_menu_typo_line_height":0,"ocean_menu_typo_line_height_tablet":0,"ocean_menu_typo_line_height_mobile":0,"ocean_menu_typo_line_height_unit":"","ocean_menu_typo_spacing":0,"ocean_menu_typo_spacing_tablet":0,"ocean_menu_typo_spacing_mobile":0,"ocean_menu_typo_spacing_unit":"","ocean_menu_link_color":"","ocean_menu_link_color_hover":"","ocean_menu_link_color_active":"","ocean_menu_link_background":"","ocean_menu_link_hover_background":"","ocean_menu_link_active_background":"","ocean_menu_social_links_bg":"","ocean_menu_social_hover_links_bg":"","ocean_menu_social_links_color":"","ocean_menu_social_hover_links_color":"","ocean_disable_title":"default","ocean_disable_heading":"default","ocean_post_title":"","ocean_post_subheading":"","ocean_post_title_style":"","ocean_post_title_background_color":"","ocean_post_title_background":0,"ocean_post_title_bg_image_position":"","ocean_post_title_bg_image_attachment":"","ocean_post_title_bg_image_repeat":"","ocean_post_title_bg_image_size":"","ocean_post_title_height":0,"ocean_post_title_bg_overlay":0.5,"ocean_post_title_bg_overlay_color":"","ocean_disable_breadcrumbs":"default","ocean_breadcrumbs_color":"","ocean_breadcrumbs_separator_color":"","ocean_breadcrumbs_links_color":"","ocean_breadcrumbs_links_hover_color":"","ocean_display_footer_widgets":"default","ocean_display_footer_bottom":"default","ocean_custom_footer_template":"0","footnotes":""},"class_list":["post-2979","page","type-page","status-publish","hentry","entry"],"_links":{"self":[{"href":"https:\/\/www.sovijus.lt\/en\/wp-json\/wp\/v2\/pages\/2979","targetHints":{"allow":["GET"]}}],"collection":[{"href":"https:\/\/www.sovijus.lt\/en\/wp-json\/wp\/v2\/pages"}],"about":[{"href":"https:\/\/www.sovijus.lt\/en\/wp-json\/wp\/v2\/types\/page"}],"author":[{"embeddable":true,"href":"https:\/\/www.sovijus.lt\/en\/wp-json\/wp\/v2\/users\/1"}],"replies":[{"embeddable":true,"href":"https:\/\/www.sovijus.lt\/en\/wp-json\/wp\/v2\/comments?post=2979"}],"version-history":[{"count":3,"href":"https:\/\/www.sovijus.lt\/en\/wp-json\/wp\/v2\/pages\/2979\/revisions"}],"predecessor-version":[{"id":2985,"href":"https:\/\/www.sovijus.lt\/en\/wp-json\/wp\/v2\/pages\/2979\/revisions\/2985"}],"up":[{"embeddable":true,"href":"https:\/\/www.sovijus.lt\/en\/wp-json\/wp\/v2\/pages\/2965"}],"wp:attachment":[{"href":"https:\/\/www.sovijus.lt\/en\/wp-json\/wp\/v2\/media?parent=2979"}],"curies":[{"name":"wp","href":"https:\/\/api.w.org\/{rel}","templated":true}]}}