{"id":3101,"date":"2023-11-01T12:44:32","date_gmt":"2023-11-01T09:44:32","guid":{"rendered":"https:\/\/www.sovijus.lt\/?page_id=3101"},"modified":"2024-03-19T14:10:06","modified_gmt":"2024-03-19T11:10:06","slug":"turinys","status":"publish","type":"page","link":"https:\/\/www.sovijus.lt\/en\/archyvas\/2023-t-11-nr-1\/turinys\/","title":{"rendered":"Contents"},"content":{"rendered":"<p><strong>BALTIC CULTURE<\/strong><\/p>\n<p><strong>Dainius Razauskas.<\/strong> Stones Belongs to the Devil<\/p>\n<p><strong>Rimantas Balsys.<\/strong> Rooster and Hen in Folk Medicine<\/p>\n<p><strong>CULTURAL CROSSROADS OF EAST AND WEST<\/strong><\/p>\n<p><strong>\u017dilvinas Vareikis.<\/strong> The Nature of Intercultural Philosophy and Relations with Other Disciplines of Philosophy<\/p>\n<p><strong>Algis Mick\u016bnas.<\/strong> <a href=\"https:\/\/www.sovijus.lt\/wp-content\/uploads\/2023\/11\/SOVIJUS-T.-11-Nr.-1_62-72_Mickunas.pdf\" target=\"_blank\" rel=\"noopener\">Self Creation of Indian Tradition<\/a><\/p>\n<p><strong>Ina Kiseliova-El Marassy.<\/strong> Occult Sciences, Philosophy, Theurgy: Talismanry in Suhrawardi\u2019s Ishraqism<\/p>\n<p><strong>\u017dilvin\u0117 Gai\u017eutyt\u0117.<\/strong> Algeria in the Research and Photography of Pierre Bourdieu<\/p>\n<p><strong>CULTURE AND SOCIETY<\/strong><\/p>\n<p><strong>Aivaras Stepukonis.<\/strong> <a href=\"https:\/\/www.sovijus.lt\/wp-content\/uploads\/2023\/11\/SOVIJUS-T.-11-Nr.-1_105-112_Stepukonis.pdf\" target=\"_blank\" rel=\"noopener\">(Post)Modernizing Contemporary Intellectual Culture<\/a><\/p>\n<p><strong>Basia Nikiforova.<\/strong> <a href=\"https:\/\/www.sovijus.lt\/wp-content\/uploads\/2023\/11\/SOVIJUS-T.-11-Nr.-1_113-123_Nikiforova.pdf\" target=\"_blank\" rel=\"noopener\">New Paradigm of Ecological Crisis through Glance of European Borders<\/a><\/p>\n<p><strong>Romualdas Juzefovi\u010dius.<\/strong> The Onset of University Studies in Philosophy and Humanistic Education in Kaunas: Signs of Sociocultural Values<\/p>\n<p><strong>Henryka Ilgievi\u010d.<\/strong> The Participation of Women in Library and Bibliophile Societies, and as Friends of Libraries in Interwar Vilnius<\/p>\n<p><strong>CULTURAL MEMORY AND IMAGINATION<\/strong><\/p>\n<p><strong>Vytautas Rubavi\u010dius.<\/strong> The Artist of Nature as a Shaman in the Eye of the Challenges of the Anthropocene<\/p>\n<p><strong>Odeta \u017dukauskien\u0117.<\/strong> Unusual Posers, or the Forms of Everyday Resistance<\/p>\n<p><strong>Lesia Smyrna.<\/strong> <a href=\"https:\/\/www.sovijus.lt\/wp-content\/uploads\/2024\/03\/SOVIJUS-T.-11-Nr.-1_192-204_03_14.pdf\" target=\"_blank\" rel=\"noopener\">Visual Arts Projects of Wartime Ukraine between Cruelty and Optimism (2022\u20132023): Theoretical Frames and Methodological Scope<\/a><\/p>\n<p><strong>CONFERENCE REVIEWS<\/strong><\/p>\n<p><strong>Odeta \u017dukauskien\u0117.<\/strong> In the Folds of Cultural Memory. Overview of the Conference Dedicated to the 120th Anniversary of the Birth of Jurgis Baltru\u0161aitis<\/p>\n<p><strong>Alvydas Noreika.<\/strong> <em>Scientia et Historia-2023<\/em><\/p>\n<p><a href=\"https:\/\/www.sovijus.lt\/wp-content\/uploads\/2023\/11\/SOVIJUS-T.-11-Nr.-1_227-230_Our-Contributors.pdf\" target=\"_blank\" rel=\"noopener\">Our Contributors<\/a><\/p>\n<p><a href=\"https:\/\/www.sovijus.lt\/wp-content\/uploads\/2023\/11\/SOVIJUS-T.-11-Nr.-1_236-240_Interdisciplinary-Studies-of-Culture.pdf\" target=\"_blank\" rel=\"noopener\">Editorial Policy<\/a><\/p>\n<p><a href=\"https:\/\/www.sovijus.lt\/wp-content\/uploads\/2023\/11\/SOVIJUS-T.-11-Nr.-1_241-242_Atmena-straipsniu-autoriams-1.pdf\" target=\"_blank\" rel=\"noopener\">Atmena straipsni\u0173 autoriams<\/a><\/p>\n<p><a href=\"https:\/\/www.sovijus.lt\/wp-content\/uploads\/2023\/11\/SOVIJUS-T.-11-Nr.-1_243-244_Author-guidelines-1.pdf\" target=\"_blank\" rel=\"noopener\">Author guidelines<\/a><\/p>","protected":false},"excerpt":{"rendered":"<p>BALTIC CULTURE Dainius Razauskas. Stones Belongs to the Devil Rimantas Balsys. Rooster and Hen in Folk Medicine CULTURAL CROSSROADS OF EAST AND WEST \u017dilvinas Vareikis. The Nature of Intercultural Philosophy and Relations with Other Disciplines of Philosophy Algis Mick\u016bnas. Self Creation of Indian Tradition Ina Kiseliova-El Marassy. Occult Sciences, Philosophy, Theurgy: Talismanry in Suhrawardi\u2019s Ishraqism [&hellip;]<\/p>\n","protected":false},"author":1,"featured_media":0,"parent":3090,"menu_order":0,"comment_status":"closed","ping_status":"closed","template":"","meta":{"ocean_post_layout":"","ocean_both_sidebars_style":"","ocean_both_sidebars_content_width":0,"ocean_both_sidebars_sidebars_width":0,"ocean_sidebar":"0","ocean_second_sidebar":"0","ocean_disable_margins":"enable","ocean_add_body_class":"","ocean_shortcode_before_top_bar":"","ocean_shortcode_after_top_bar":"","ocean_shortcode_before_header":"","ocean_shortcode_after_header":"","ocean_has_shortcode":"","ocean_shortcode_after_title":"","ocean_shortcode_before_footer_widgets":"","ocean_shortcode_after_footer_widgets":"","ocean_shortcode_before_footer_bottom":"","ocean_shortcode_after_footer_bottom":"","ocean_display_top_bar":"default","ocean_display_header":"default","ocean_header_style":"","ocean_center_header_left_menu":"0","ocean_custom_header_template":"0","ocean_custom_logo":0,"ocean_custom_retina_logo":0,"ocean_custom_logo_max_width":0,"ocean_custom_logo_tablet_max_width":0,"ocean_custom_logo_mobile_max_width":0,"ocean_custom_logo_max_height":0,"ocean_custom_logo_tablet_max_height":0,"ocean_custom_logo_mobile_max_height":0,"ocean_header_custom_menu":"0","ocean_menu_typo_font_family":"0","ocean_menu_typo_font_subset":"","ocean_menu_typo_font_size":0,"ocean_menu_typo_font_size_tablet":0,"ocean_menu_typo_font_size_mobile":0,"ocean_menu_typo_font_size_unit":"px","ocean_menu_typo_font_weight":"","ocean_menu_typo_font_weight_tablet":"","ocean_menu_typo_font_weight_mobile":"","ocean_menu_typo_transform":"","ocean_menu_typo_transform_tablet":"","ocean_menu_typo_transform_mobile":"","ocean_menu_typo_line_height":0,"ocean_menu_typo_line_height_tablet":0,"ocean_menu_typo_line_height_mobile":0,"ocean_menu_typo_line_height_unit":"","ocean_menu_typo_spacing":0,"ocean_menu_typo_spacing_tablet":0,"ocean_menu_typo_spacing_mobile":0,"ocean_menu_typo_spacing_unit":"","ocean_menu_link_color":"","ocean_menu_link_color_hover":"","ocean_menu_link_color_active":"","ocean_menu_link_background":"","ocean_menu_link_hover_background":"","ocean_menu_link_active_background":"","ocean_menu_social_links_bg":"","ocean_menu_social_hover_links_bg":"","ocean_menu_social_links_color":"","ocean_menu_social_hover_links_color":"","ocean_disable_title":"default","ocean_disable_heading":"default","ocean_post_title":"","ocean_post_subheading":"","ocean_post_title_style":"","ocean_post_title_background_color":"","ocean_post_title_background":0,"ocean_post_title_bg_image_position":"","ocean_post_title_bg_image_attachment":"","ocean_post_title_bg_image_repeat":"","ocean_post_title_bg_image_size":"","ocean_post_title_height":0,"ocean_post_title_bg_overlay":0.5,"ocean_post_title_bg_overlay_color":"","ocean_disable_breadcrumbs":"default","ocean_breadcrumbs_color":"","ocean_breadcrumbs_separator_color":"","ocean_breadcrumbs_links_color":"","ocean_breadcrumbs_links_hover_color":"","ocean_display_footer_widgets":"default","ocean_display_footer_bottom":"default","ocean_custom_footer_template":"0","footnotes":""},"class_list":["post-3101","page","type-page","status-publish","hentry","entry"],"_links":{"self":[{"href":"https:\/\/www.sovijus.lt\/en\/wp-json\/wp\/v2\/pages\/3101","targetHints":{"allow":["GET"]}}],"collection":[{"href":"https:\/\/www.sovijus.lt\/en\/wp-json\/wp\/v2\/pages"}],"about":[{"href":"https:\/\/www.sovijus.lt\/en\/wp-json\/wp\/v2\/types\/page"}],"author":[{"embeddable":true,"href":"https:\/\/www.sovijus.lt\/en\/wp-json\/wp\/v2\/users\/1"}],"replies":[{"embeddable":true,"href":"https:\/\/www.sovijus.lt\/en\/wp-json\/wp\/v2\/comments?post=3101"}],"version-history":[{"count":14,"href":"https:\/\/www.sovijus.lt\/en\/wp-json\/wp\/v2\/pages\/3101\/revisions"}],"predecessor-version":[{"id":3169,"href":"https:\/\/www.sovijus.lt\/en\/wp-json\/wp\/v2\/pages\/3101\/revisions\/3169"}],"up":[{"embeddable":true,"href":"https:\/\/www.sovijus.lt\/en\/wp-json\/wp\/v2\/pages\/3090"}],"wp:attachment":[{"href":"https:\/\/www.sovijus.lt\/en\/wp-json\/wp\/v2\/media?parent=3101"}],"curies":[{"name":"wp","href":"https:\/\/api.w.org\/{rel}","templated":true}]}}