{"id":3185,"date":"2024-03-22T11:18:44","date_gmt":"2024-03-22T08:18:44","guid":{"rendered":"https:\/\/www.sovijus.lt\/?page_id=3185"},"modified":"2024-05-06T12:44:17","modified_gmt":"2024-05-06T09:44:17","slug":"turinys","status":"publish","type":"page","link":"https:\/\/www.sovijus.lt\/en\/archyvas\/2023-t-11-nr-2\/turinys\/","title":{"rendered":"Contents"},"content":{"rendered":"<p><strong>BALTIC CULTURE<\/strong><\/p>\n<p><strong>Dainius Razauskas.<\/strong> Pegasus, the Horse of Perk\u016bnas. A Comparative Study<\/p>\n<p><strong>Dalia Zaikauskien\u0117.<\/strong> The First Book of Lithuanian Proverbs and Sayings<\/p>\n<p><strong>Onut\u0117 Gaidamavi\u010di\u016bt\u0117.<\/strong> <a href=\"https:\/\/www.sovijus.lt\/wp-content\/uploads\/2024\/03\/SOVIJUS-T.-11-Nr.2__49%E2%80%9354-Gaidamaviciute-.pdf\" target=\"_blank\" rel=\"noopener\">The Disappearing Ethnography of Villages<\/a><\/p>\n<p><strong>PHILOSOPHY AND SOCIOLOGY<\/strong><\/p>\n<p><strong>Vygandas Aleksandravi\u010dius.<\/strong> Rousseau\u2019s Political Organics Heralds a New Era of Political Thought<\/p>\n<p><strong>Aivaras Stepukonis.<\/strong> <a href=\"https:\/\/www.sovijus.lt\/wp-content\/uploads\/2024\/03\/SOVIJUS-T.-11-Nr.2__71%E2%80%9377-Stepukonis.pdf\" target=\"_blank\" rel=\"noopener\">(Post)Modernizing Contemporary Intellectual Culture<\/a><\/p>\n<p><strong>Stanislavas Mostauskas.<\/strong> In Search of Man. In the Footsteps of Derrida and Lacan<\/p>\n<p><strong>Alvydas Noreika.<\/strong> Exploring the Depths of Origins of the Central Theme of Vytautas Kavolis Sociology<\/p>\n<p><strong>Andrius Tamo\u0161evi\u010dius.<\/strong> Existentialist Deformation of the <em>a Priori <\/em>Principle in M. Dufrenne\u2019s Philosophy<\/p>\n<p><strong>Lesia Smyrna.<\/strong> <a href=\"https:\/\/www.sovijus.lt\/wp-content\/uploads\/2024\/03\/SOVIJUS-T.-11-Nr.2__119%E2%80%93138-Smyrna.pdf\" target=\"_blank\" rel=\"noopener\">New Epistemology of \u201cA Complex We\u201d in Ukraine\u2019s Wartime Biosocial Transformations: from \u201cThe Naked Room\u201d to Existential \u201cHomelessness\u201d<\/a><\/p>\n<p><strong>CULTURE AND SOCIETY<\/strong><\/p>\n<p><strong>Algis Mick\u016bnas.<\/strong> <a href=\"https:\/\/www.sovijus.lt\/wp-content\/uploads\/2024\/03\/SOVIJUS-T.-11-Nr.2__139%E2%80%93160-Mickunas.pdf\" target=\"_blank\" rel=\"noopener\">Power and Civilizations<\/a><\/p>\n<p><strong>\u017dilvinas Vareikis.<\/strong> The Nature of Intercultural Philosophy and Relations with Other Disciplines<\/p>\n<p><strong>Loreta Po\u0161kait\u0117.<\/strong> The Imagination of Antropocene and Eco-rhetoric in the XXI c. China<\/p>\n<p><strong>Ina Kiseliova-El Marassy.<\/strong> Some Aspects of Al B\u016bni\u2019s Talismanry<\/p>\n<p><strong>\u0160ar\u016bnas Rinkevi\u010dius.<\/strong> The Lebanese Cedar: Historinal and Cultural Lebanon\u2019s Symbol<\/p>\n<p><strong>AESTHETICS AND ART RESEARCH<\/strong><\/p>\n<p><strong>Salom\u0117ja Jastrumskyt\u0117.<\/strong> The Dynamics of the Cultural Concept of <em>Terra Incognita <\/em>in the Development of DI<\/p>\n<p><strong>Paulius Petraitis.<\/strong> <a href=\"https:\/\/www.sovijus.lt\/wp-content\/uploads\/2024\/03\/SOVIJUS-T.-11-Nr.2__251%E2%80%93265-Petraitis.pdf\" target=\"_blank\" rel=\"noopener\">Exploring Photographic Multiformity: The Medium, Intermediality and Transmediality<\/a><\/p>\n<p><strong>Gra\u017eina Gurnevi\u010di\u016bt\u0117.<\/strong> The Desing of Heraldic Signs in the Artworks of Arvydas Ka\u017edailis<\/p>\n<p><strong>THE PUBLICATIONS OF THE SOURCES<\/strong><\/p>\n<p><strong>Max Scheler.<\/strong> About the Betrayal of the Joy. The translation from German language performed by \u017dilvinas Vareikis<\/p>\n<p><strong>CONFERENCE REVIEWS<\/strong><\/p>\n<p><strong>Vitalij Binevi\u010d.<\/strong> The Conference \u201cCinema and the City\u201d<\/p>\n<p><a href=\"https:\/\/www.sovijus.lt\/wp-content\/uploads\/2024\/03\/SOVIJUS-T.-11-Nr.2__306\u2013309-Our-Contributors.pdf\" target=\"_blank\" rel=\"noopener\">Our Contributors<\/a><\/p>\n<p><a href=\"https:\/\/www.sovijus.lt\/wp-content\/uploads\/2024\/03\/SOVIJUS-T.-11-Nr.2__315\u2013319-Editorial-Policy.pdf\" target=\"_blank\" rel=\"noopener\">Editorial Policy<\/a><\/p>\n<p><a href=\"https:\/\/www.sovijus.lt\/wp-content\/uploads\/2024\/03\/SOVIJUS-T.-11-Nr.2__322\u2013323-Author-Guidelines.pdf\" target=\"_blank\" rel=\"noopener\">Author guidelines<\/a><\/p>","protected":false},"excerpt":{"rendered":"<p>BALTIC CULTURE Dainius Razauskas. Pegasus, the Horse of Perk\u016bnas. A Comparative Study Dalia Zaikauskien\u0117. The First Book of Lithuanian Proverbs and Sayings Onut\u0117 Gaidamavi\u010di\u016bt\u0117. The Disappearing Ethnography of Villages PHILOSOPHY AND SOCIOLOGY Vygandas Aleksandravi\u010dius. Rousseau\u2019s Political Organics Heralds a New Era of Political Thought Aivaras Stepukonis. (Post)Modernizing Contemporary Intellectual Culture Stanislavas Mostauskas. In Search of [&hellip;]<\/p>\n","protected":false},"author":1,"featured_media":0,"parent":3170,"menu_order":0,"comment_status":"closed","ping_status":"closed","template":"","meta":{"ocean_post_layout":"","ocean_both_sidebars_style":"","ocean_both_sidebars_content_width":0,"ocean_both_sidebars_sidebars_width":0,"ocean_sidebar":"0","ocean_second_sidebar":"0","ocean_disable_margins":"enable","ocean_add_body_class":"","ocean_shortcode_before_top_bar":"","ocean_shortcode_after_top_bar":"","ocean_shortcode_before_header":"","ocean_shortcode_after_header":"","ocean_has_shortcode":"","ocean_shortcode_after_title":"","ocean_shortcode_before_footer_widgets":"","ocean_shortcode_after_footer_widgets":"","ocean_shortcode_before_footer_bottom":"","ocean_shortcode_after_footer_bottom":"","ocean_display_top_bar":"default","ocean_display_header":"default","ocean_header_style":"","ocean_center_header_left_menu":"0","ocean_custom_header_template":"0","ocean_custom_logo":0,"ocean_custom_retina_logo":0,"ocean_custom_logo_max_width":0,"ocean_custom_logo_tablet_max_width":0,"ocean_custom_logo_mobile_max_width":0,"ocean_custom_logo_max_height":0,"ocean_custom_logo_tablet_max_height":0,"ocean_custom_logo_mobile_max_height":0,"ocean_header_custom_menu":"0","ocean_menu_typo_font_family":"0","ocean_menu_typo_font_subset":"","ocean_menu_typo_font_size":0,"ocean_menu_typo_font_size_tablet":0,"ocean_menu_typo_font_size_mobile":0,"ocean_menu_typo_font_size_unit":"px","ocean_menu_typo_font_weight":"","ocean_menu_typo_font_weight_tablet":"","ocean_menu_typo_font_weight_mobile":"","ocean_menu_typo_transform":"","ocean_menu_typo_transform_tablet":"","ocean_menu_typo_transform_mobile":"","ocean_menu_typo_line_height":0,"ocean_menu_typo_line_height_tablet":0,"ocean_menu_typo_line_height_mobile":0,"ocean_menu_typo_line_height_unit":"","ocean_menu_typo_spacing":0,"ocean_menu_typo_spacing_tablet":0,"ocean_menu_typo_spacing_mobile":0,"ocean_menu_typo_spacing_unit":"","ocean_menu_link_color":"","ocean_menu_link_color_hover":"","ocean_menu_link_color_active":"","ocean_menu_link_background":"","ocean_menu_link_hover_background":"","ocean_menu_link_active_background":"","ocean_menu_social_links_bg":"","ocean_menu_social_hover_links_bg":"","ocean_menu_social_links_color":"","ocean_menu_social_hover_links_color":"","ocean_disable_title":"default","ocean_disable_heading":"default","ocean_post_title":"","ocean_post_subheading":"","ocean_post_title_style":"","ocean_post_title_background_color":"","ocean_post_title_background":0,"ocean_post_title_bg_image_position":"","ocean_post_title_bg_image_attachment":"","ocean_post_title_bg_image_repeat":"","ocean_post_title_bg_image_size":"","ocean_post_title_height":0,"ocean_post_title_bg_overlay":0.5,"ocean_post_title_bg_overlay_color":"","ocean_disable_breadcrumbs":"default","ocean_breadcrumbs_color":"","ocean_breadcrumbs_separator_color":"","ocean_breadcrumbs_links_color":"","ocean_breadcrumbs_links_hover_color":"","ocean_display_footer_widgets":"default","ocean_display_footer_bottom":"default","ocean_custom_footer_template":"0","footnotes":""},"class_list":["post-3185","page","type-page","status-publish","hentry","entry"],"_links":{"self":[{"href":"https:\/\/www.sovijus.lt\/en\/wp-json\/wp\/v2\/pages\/3185","targetHints":{"allow":["GET"]}}],"collection":[{"href":"https:\/\/www.sovijus.lt\/en\/wp-json\/wp\/v2\/pages"}],"about":[{"href":"https:\/\/www.sovijus.lt\/en\/wp-json\/wp\/v2\/types\/page"}],"author":[{"embeddable":true,"href":"https:\/\/www.sovijus.lt\/en\/wp-json\/wp\/v2\/users\/1"}],"replies":[{"embeddable":true,"href":"https:\/\/www.sovijus.lt\/en\/wp-json\/wp\/v2\/comments?post=3185"}],"version-history":[{"count":7,"href":"https:\/\/www.sovijus.lt\/en\/wp-json\/wp\/v2\/pages\/3185\/revisions"}],"predecessor-version":[{"id":3238,"href":"https:\/\/www.sovijus.lt\/en\/wp-json\/wp\/v2\/pages\/3185\/revisions\/3238"}],"up":[{"embeddable":true,"href":"https:\/\/www.sovijus.lt\/en\/wp-json\/wp\/v2\/pages\/3170"}],"wp:attachment":[{"href":"https:\/\/www.sovijus.lt\/en\/wp-json\/wp\/v2\/media?parent=3185"}],"curies":[{"name":"wp","href":"https:\/\/api.w.org\/{rel}","templated":true}]}}