{"id":3512,"date":"2026-03-19T16:34:58","date_gmt":"2026-03-19T14:34:58","guid":{"rendered":"https:\/\/www.sovijus.lt\/?page_id=3512"},"modified":"2026-03-19T16:34:58","modified_gmt":"2026-03-19T14:34:58","slug":"titulinis-puslapis","status":"publish","type":"page","link":"https:\/\/www.sovijus.lt\/en\/archyvas\/2025-t-13-nr-2\/titulinis-puslapis\/","title":{"rendered":"Front page"},"content":{"rendered":"<p><strong>SOVIJUS.<\/strong> INTERDISCIPLINARY STUDIES OF CULTURE is a peer-reviewed semi-annual journal of <em>Lithuanian Culture Research Institute <\/em>for discussing important problems of cultural development, spread and interaction of different cultures, as well as for developing the new research fields of cultural studies. The journal contains scientific articles and studies, covering the culture develop-ment and spread, cultural theory, civilisational comparativistics, social and cultural anthropol-ogy, cultural memory, cultural psychology, cultural sociology, new media culture findings as well as translations of topical texts, historical sources, reviews and conference reviews. The editorial board focuses on theoretical and methodological problems of exploring culture as well as various issues of relative fields. Articles are published in Lithuanian, English and other languages com-monly used by the academic community.<\/p>\n<p>The journal is supplemented with a series of studies and monographs.<\/p>\n<p><strong>Editor-in-Chief<\/strong><\/p>\n<p>Prof. Antanas Andrijauskas (Lithuanian Culture Research Institute)<\/p>\n<p><strong>Deputy Editor-in-Chief<\/strong><\/p>\n<p>Dr. Tadas Snuvi\u0161kis (Lithuanian Culture Research Institute)<\/p>\n<p><strong>Editor of the Issue<\/strong><\/p>\n<p>Dr. Romualdas Juzefovi\u010dius (Lithuanian Culture Research Institute)<\/p>\n<p><strong>Editorial Board<\/strong><\/p>\n<p>Prof. Antanas Andrijauskas (Lithuanian Culture Research Institute)<\/p>\n<p>Prof. Sekhar Basu (Delhi University, India)<\/p>\n<p>Prof. Dr. Audrius Beinorius (Vilnius University)<\/p>\n<p>Prof. habil. dr. Pawel Bytniewski (Maria Curie-Sk\u0142odowska University in Lublin, Poland)<\/p>\n<p>Associate Professor Naglis Kardelis (Lithuanian Culture Research Institute)<\/p>\n<p>Prof. Janina Kursyt\u0117-Pakul\u0117 (Latvian Academy of Sciences, University of Latvia)<\/p>\n<p>Dr. Dainius Razauskas (Institute of Lithuanian Literature and Folklore)<\/p>\n<p>Dr. Romualdas Juzefovi\u010dius (Lithuanian Culture Research Institute)<\/p>\n<p>Prof. habil. dr. Charles Ridoux (Universit\u00e9 de Valenciennes \u2013 The Polytechnic University of Hauts de France)<\/p>\n<p>Dr. Vytautas Rubavi\u010dius (Lithuanian Culture Research Institute)<\/p>\n<p>Prof. Carles Salazar (University of Lleida, Catalonia, Spain)<\/p>\n<p>Prof. Hidemichi Tanaka (Tohoku University, Japan)<\/p>\n<p><strong>Lithuanian Language Editor<\/strong><\/p>\n<p>Onut\u0117 Gaidamavi\u010di\u016bt\u0117<\/p>\n<p><strong>English Language Editor<\/strong><\/p>\n<p>Ina Kiseliova<\/p>\n<p><strong>English and French Language Editor<\/strong><\/p>\n<p>Dalia Aleksandravi\u010di\u016bt\u0117<\/p>\n<p><strong>Design<\/strong><\/p>\n<p>Skaist\u0117 A\u0161menavi\u010di\u016bt\u0117<\/p>\n<p>Recommended for publishing by the Council of Science of Lithuanian Culture Research Institute<\/p>\n<p>Every article is reviewed by two reviewers<\/p>\n<p><strong>Address:<\/strong><\/p>\n<p>Lithuanian Culture Research Institute Saltoni\u0161ki\u0173 St. 58, LT-08105,<\/p>\n<p>Vilnius, Lithuania E-mail: <a href=\"mailto:editor@sovijus.lt\"><em>editor@sovijus.lt<\/em><\/a><\/p>\n<p>Tel. \/ fax (+370) 5 2751898<\/p>\n<p><a href=\"http:\/\/www.sovijus.lt\/\">www.sovijus.lt<\/a><\/p>\n<p>ISSN 2351-4728 (online version) ISSN 2351-471X (printed version)<\/p>\n<p>pages 9, 73, 119, 159, 241, 197: photos by Alisa R\u016bta Stravinskait\u0117,<\/p>\n<p>Cover I: photo by Alisa R\u016bta Stravinskait\u0117 <em>In the mountains<\/em>, 2025, India, analog photography, digital format<\/p>\n<p>\u00a9 Lithuanian Culture Research Institute, 2025<\/p>","protected":false},"excerpt":{"rendered":"<p>SOVIJUS. INTERDISCIPLINARY STUDIES OF CULTURE is a peer-reviewed semi-annual journal of Lithuanian Culture Research Institute for discussing important problems of cultural development, spread and interaction of different cultures, as well as for developing the new research fields of cultural studies. The journal contains scientific articles and studies, covering the culture develop-ment and spread, cultural theory, [&hellip;]<\/p>\n","protected":false},"author":1,"featured_media":0,"parent":3506,"menu_order":0,"comment_status":"closed","ping_status":"closed","template":"","meta":{"ocean_post_layout":"","ocean_both_sidebars_style":"","ocean_both_sidebars_content_width":0,"ocean_both_sidebars_sidebars_width":0,"ocean_sidebar":"0","ocean_second_sidebar":"0","ocean_disable_margins":"enable","ocean_add_body_class":"","ocean_shortcode_before_top_bar":"","ocean_shortcode_after_top_bar":"","ocean_shortcode_before_header":"","ocean_shortcode_after_header":"","ocean_has_shortcode":"","ocean_shortcode_after_title":"","ocean_shortcode_before_footer_widgets":"","ocean_shortcode_after_footer_widgets":"","ocean_shortcode_before_footer_bottom":"","ocean_shortcode_after_footer_bottom":"","ocean_display_top_bar":"default","ocean_display_header":"default","ocean_header_style":"","ocean_center_header_left_menu":"0","ocean_custom_header_template":"0","ocean_custom_logo":0,"ocean_custom_retina_logo":0,"ocean_custom_logo_max_width":0,"ocean_custom_logo_tablet_max_width":0,"ocean_custom_logo_mobile_max_width":0,"ocean_custom_logo_max_height":0,"ocean_custom_logo_tablet_max_height":0,"ocean_custom_logo_mobile_max_height":0,"ocean_header_custom_menu":"0","ocean_menu_typo_font_family":"0","ocean_menu_typo_font_subset":"","ocean_menu_typo_font_size":0,"ocean_menu_typo_font_size_tablet":0,"ocean_menu_typo_font_size_mobile":0,"ocean_menu_typo_font_size_unit":"px","ocean_menu_typo_font_weight":"","ocean_menu_typo_font_weight_tablet":"","ocean_menu_typo_font_weight_mobile":"","ocean_menu_typo_transform":"","ocean_menu_typo_transform_tablet":"","ocean_menu_typo_transform_mobile":"","ocean_menu_typo_line_height":0,"ocean_menu_typo_line_height_tablet":0,"ocean_menu_typo_line_height_mobile":0,"ocean_menu_typo_line_height_unit":"","ocean_menu_typo_spacing":0,"ocean_menu_typo_spacing_tablet":0,"ocean_menu_typo_spacing_mobile":0,"ocean_menu_typo_spacing_unit":"","ocean_menu_link_color":"","ocean_menu_link_color_hover":"","ocean_menu_link_color_active":"","ocean_menu_link_background":"","ocean_menu_link_hover_background":"","ocean_menu_link_active_background":"","ocean_menu_social_links_bg":"","ocean_menu_social_hover_links_bg":"","ocean_menu_social_links_color":"","ocean_menu_social_hover_links_color":"","ocean_disable_title":"default","ocean_disable_heading":"default","ocean_post_title":"","ocean_post_subheading":"","ocean_post_title_style":"","ocean_post_title_background_color":"","ocean_post_title_background":0,"ocean_post_title_bg_image_position":"","ocean_post_title_bg_image_attachment":"","ocean_post_title_bg_image_repeat":"","ocean_post_title_bg_image_size":"","ocean_post_title_height":0,"ocean_post_title_bg_overlay":0.5,"ocean_post_title_bg_overlay_color":"","ocean_disable_breadcrumbs":"default","ocean_breadcrumbs_color":"","ocean_breadcrumbs_separator_color":"","ocean_breadcrumbs_links_color":"","ocean_breadcrumbs_links_hover_color":"","ocean_display_footer_widgets":"default","ocean_display_footer_bottom":"default","ocean_custom_footer_template":"0","footnotes":""},"class_list":["post-3512","page","type-page","status-publish","hentry","entry"],"_links":{"self":[{"href":"https:\/\/www.sovijus.lt\/en\/wp-json\/wp\/v2\/pages\/3512","targetHints":{"allow":["GET"]}}],"collection":[{"href":"https:\/\/www.sovijus.lt\/en\/wp-json\/wp\/v2\/pages"}],"about":[{"href":"https:\/\/www.sovijus.lt\/en\/wp-json\/wp\/v2\/types\/page"}],"author":[{"embeddable":true,"href":"https:\/\/www.sovijus.lt\/en\/wp-json\/wp\/v2\/users\/1"}],"replies":[{"embeddable":true,"href":"https:\/\/www.sovijus.lt\/en\/wp-json\/wp\/v2\/comments?post=3512"}],"version-history":[{"count":1,"href":"https:\/\/www.sovijus.lt\/en\/wp-json\/wp\/v2\/pages\/3512\/revisions"}],"predecessor-version":[{"id":3513,"href":"https:\/\/www.sovijus.lt\/en\/wp-json\/wp\/v2\/pages\/3512\/revisions\/3513"}],"up":[{"embeddable":true,"href":"https:\/\/www.sovijus.lt\/en\/wp-json\/wp\/v2\/pages\/3506"}],"wp:attachment":[{"href":"https:\/\/www.sovijus.lt\/en\/wp-json\/wp\/v2\/media?parent=3512"}],"curies":[{"name":"wp","href":"https:\/\/api.w.org\/{rel}","templated":true}]}}