{"id":3516,"date":"2026-03-19T16:50:52","date_gmt":"2026-03-19T14:50:52","guid":{"rendered":"https:\/\/www.sovijus.lt\/?page_id=3516"},"modified":"2026-03-20T16:53:15","modified_gmt":"2026-03-20T14:53:15","slug":"turinys","status":"publish","type":"page","link":"https:\/\/www.sovijus.lt\/en\/archyvas\/2025-t-13-nr-2\/turinys\/","title":{"rendered":"Contents"},"content":{"rendered":"<p><strong>BALT\u0172 KULT\u016aRA<\/strong><\/p>\n<p><strong>Dainius Razauskas.<\/strong> Serpent-dragon Damming up Streams and Some Branches of the Image<\/p>\n<p><strong>Rimantas Balsys.<\/strong> The Horse in Baltic Mythology: Funeral and Sacrificial Rites to the Gods<\/p>\n<p><strong>KULT\u016aROS ATMINTIS IR TAPATUMAS<\/strong><\/p>\n<p><strong>Henryka Ilgiewicz.<\/strong> Classical Philologists at Vilnius Stephen Batory University \/ <a href=\"https:\/\/www.sovijus.lt\/wp-content\/uploads\/2026\/03\/Sovijus-t.-13-nr.-2__93_Ilgiewicz_summary.pdf\" target=\"_blank\" rel=\"noopener\"><em>Summary<\/em><\/a><\/p>\n<p><strong>Pawe\u0142 Bytniewski.<\/strong> <a href=\"https:\/\/www.sovijus.lt\/wp-content\/uploads\/2026\/03\/Sovijus-t.-13-nr.-2__94-104_Bytniewski.pdf\" target=\"_blank\" rel=\"noopener\">How is Persuasion Possible?<\/a><\/p>\n<p><strong>Stanislovas Mostauskis.<\/strong> Under the Banner of Medicine: Confession and Other Models of Revealing the Person<\/p>\n<p><strong>RYT\u0172 IR VAKAR\u0172 KULT\u016aR\u0172 SANKIRTOS<\/strong><\/p>\n<p><strong>Tautvydas V\u0117\u017eelis.<\/strong> China as Otherness and the Mirror of the West in Francois Jullien\u2019s Civilizational Comparative Studies<\/p>\n<p><strong>Tadas Snuvi\u0161kis.<\/strong> <a href=\"https:\/\/www.sovijus.lt\/wp-content\/uploads\/2026\/03\/Sovijus-t.-13-nr.-2__138-144_Snuviskis.pdf\" target=\"_blank\" rel=\"noopener\">Tibetan Religious Polemics: Bon Buddhism or Buddhist Bon?<\/a><\/p>\n<p><strong>Ina Kiseliova-El Marassy.<\/strong> <a href=\"https:\/\/www.sovijus.lt\/wp-content\/uploads\/2026\/03\/Sovijus-t.-13-nr.-2__145-157_Kiseliova-El-Marassy.pdf\" target=\"_blank\" rel=\"noopener\">Al-Qur\u1e6dub\u012b\u2019s <em>\u0120\u0101yat al-<\/em><em>\u1e24ak\u012bm <\/em>and the Ontology of Astral Talismanry<\/a><\/p>\n<p><strong>KULT\u016aRA IR FILOSOFIN\u0116 JOS REFLEKSIJA<\/strong><\/p>\n<p><strong>Algis Mick\u016bnas.<\/strong> <a href=\"https:\/\/www.sovijus.lt\/wp-content\/uploads\/2026\/03\/Sovijus-t.-13-nr.-2__159-176_Mickunas.pdf\" target=\"_blank\" rel=\"noopener\">Parting of the Ways<\/a><\/p>\n<p><strong>Nithin Varghese, Amal Tom.<\/strong> <a href=\"https:\/\/www.sovijus.lt\/wp-content\/uploads\/2026\/03\/Sovijus-t.-13-nr.-2__177-187_Nithin-Varghese.-Amal-Tom.pdf\" target=\"_blank\" rel=\"noopener\">Poetry, Prophecy, and the Pursuit of Peace and Justice<\/a><\/p>\n<p><strong>Marius Kundrotas.<\/strong> The Philosophy of Dialectics of the Person and the Ideological Positions of the Political Right<\/p>\n<p><strong>\u017dilvinas Vareikis.<\/strong> Das Konsumorientierte Motivationsproblem bei der L\u00f6sung von der Fragen des Klimawandels<\/p>\n<p><strong>Salom\u0117ja Jastrumskyt\u0117.<\/strong> AI as Mega-Pastiche<\/p>\n<p><strong>ESTETIKA, MENO FILOSOFIJA, MENOTYRA<\/strong><\/p>\n<p><strong>Paulius Lu\u010dinskas.<\/strong> Aesthetic Harmony and Epistemic Value in Biomedical Data Visualizations. A Holistic Philosophical Investigation<\/p>\n<p><strong>Milda Palilionyt\u0117.<\/strong> Geoceramics \u2013 Earth-oriented Ceramics \/ <a href=\"https:\/\/www.sovijus.lt\/wp-content\/uploads\/2026\/03\/Sovijus-t.-13-nr.-2__270_Palilionyte_summary.pdf\" target=\"_blank\" rel=\"noopener\"><em>Summary<\/em><\/a><\/p>\n<p><strong>Gerda Liudvinavi\u010di\u016bt\u0117.<\/strong> The Inquiring Being. Design in the Context of More-than-Human Discourse \/ <a href=\"https:\/\/www.sovijus.lt\/wp-content\/uploads\/2026\/03\/Sovijus-t.-13-nr.-2__285_Liudvinaviciute_summary.pdf\" target=\"_blank\" rel=\"noopener\"><em>Summary<\/em><\/a><\/p>\n<p><strong>Milda Miniauskait\u0117.<\/strong> The Interaction of Architecture and Cinema: A Phenomenological Analysis of Cinema Buildings<\/p>\n<p><strong>KONFERENCIJ\u0172 AP\u017dVALGOS<\/strong><\/p>\n<p><strong>Veronika Girininkait\u0117.<\/strong> The conference <em>SCIENTIA<\/em> <em>ET<\/em> <em>HISTORIA<\/em> <em>2025:<\/em> <em>even<\/em><em> one warrior in the field<\/em><\/p>\n<p><strong>Reda \u0160at\u016bnien\u0117.<\/strong> <em>Rewritings <\/em>of the power in the 17 th international congress <em>Unwriting <\/em>of ethnologists and folklore association<\/p>\n<p><a href=\"https:\/\/www.sovijus.lt\/wp-content\/uploads\/2026\/03\/Sovijus-t.-13-nr.-2__313-316_Our-Contributors.pdf\" target=\"_blank\" rel=\"noopener\">Our Contributors<\/a><\/p>\n<p><a href=\"https:\/\/www.sovijus.lt\/wp-content\/uploads\/2026\/03\/Sovijus-t.-13-nr.-2__322-326_SOVIJUS.-Interdisciplinary-Studies-of-Culture.pdf\" target=\"_blank\" rel=\"noopener\">Editorial Policy<\/a><\/p>\n<p><a href=\"https:\/\/www.sovijus.lt\/wp-content\/uploads\/2026\/03\/Guidlines.pdf\" target=\"_blank\" rel=\"noopener\">Author Guidelines<\/a><\/p>","protected":false},"excerpt":{"rendered":"<p>BALT\u0172 KULT\u016aRA Dainius Razauskas. Serpent-dragon Damming up Streams and Some Branches of the Image Rimantas Balsys. The Horse in Baltic Mythology: Funeral and Sacrificial Rites to the Gods KULT\u016aROS ATMINTIS IR TAPATUMAS Henryka Ilgiewicz. Classical Philologists at Vilnius Stephen Batory University \/ Summary Pawe\u0142 Bytniewski. How is Persuasion Possible? Stanislovas Mostauskis. Under the Banner of [&hellip;]<\/p>\n","protected":false},"author":1,"featured_media":0,"parent":3506,"menu_order":0,"comment_status":"closed","ping_status":"closed","template":"","meta":{"ocean_post_layout":"","ocean_both_sidebars_style":"","ocean_both_sidebars_content_width":0,"ocean_both_sidebars_sidebars_width":0,"ocean_sidebar":"0","ocean_second_sidebar":"0","ocean_disable_margins":"enable","ocean_add_body_class":"","ocean_shortcode_before_top_bar":"","ocean_shortcode_after_top_bar":"","ocean_shortcode_before_header":"","ocean_shortcode_after_header":"","ocean_has_shortcode":"","ocean_shortcode_after_title":"","ocean_shortcode_before_footer_widgets":"","ocean_shortcode_after_footer_widgets":"","ocean_shortcode_before_footer_bottom":"","ocean_shortcode_after_footer_bottom":"","ocean_display_top_bar":"default","ocean_display_header":"default","ocean_header_style":"","ocean_center_header_left_menu":"0","ocean_custom_header_template":"0","ocean_custom_logo":0,"ocean_custom_retina_logo":0,"ocean_custom_logo_max_width":0,"ocean_custom_logo_tablet_max_width":0,"ocean_custom_logo_mobile_max_width":0,"ocean_custom_logo_max_height":0,"ocean_custom_logo_tablet_max_height":0,"ocean_custom_logo_mobile_max_height":0,"ocean_header_custom_menu":"0","ocean_menu_typo_font_family":"0","ocean_menu_typo_font_subset":"","ocean_menu_typo_font_size":0,"ocean_menu_typo_font_size_tablet":0,"ocean_menu_typo_font_size_mobile":0,"ocean_menu_typo_font_size_unit":"px","ocean_menu_typo_font_weight":"","ocean_menu_typo_font_weight_tablet":"","ocean_menu_typo_font_weight_mobile":"","ocean_menu_typo_transform":"","ocean_menu_typo_transform_tablet":"","ocean_menu_typo_transform_mobile":"","ocean_menu_typo_line_height":0,"ocean_menu_typo_line_height_tablet":0,"ocean_menu_typo_line_height_mobile":0,"ocean_menu_typo_line_height_unit":"","ocean_menu_typo_spacing":0,"ocean_menu_typo_spacing_tablet":0,"ocean_menu_typo_spacing_mobile":0,"ocean_menu_typo_spacing_unit":"","ocean_menu_link_color":"","ocean_menu_link_color_hover":"","ocean_menu_link_color_active":"","ocean_menu_link_background":"","ocean_menu_link_hover_background":"","ocean_menu_link_active_background":"","ocean_menu_social_links_bg":"","ocean_menu_social_hover_links_bg":"","ocean_menu_social_links_color":"","ocean_menu_social_hover_links_color":"","ocean_disable_title":"default","ocean_disable_heading":"default","ocean_post_title":"","ocean_post_subheading":"","ocean_post_title_style":"","ocean_post_title_background_color":"","ocean_post_title_background":0,"ocean_post_title_bg_image_position":"","ocean_post_title_bg_image_attachment":"","ocean_post_title_bg_image_repeat":"","ocean_post_title_bg_image_size":"","ocean_post_title_height":0,"ocean_post_title_bg_overlay":0.5,"ocean_post_title_bg_overlay_color":"","ocean_disable_breadcrumbs":"default","ocean_breadcrumbs_color":"","ocean_breadcrumbs_separator_color":"","ocean_breadcrumbs_links_color":"","ocean_breadcrumbs_links_hover_color":"","ocean_display_footer_widgets":"default","ocean_display_footer_bottom":"default","ocean_custom_footer_template":"0","footnotes":""},"class_list":["post-3516","page","type-page","status-publish","hentry","entry"],"_links":{"self":[{"href":"https:\/\/www.sovijus.lt\/en\/wp-json\/wp\/v2\/pages\/3516","targetHints":{"allow":["GET"]}}],"collection":[{"href":"https:\/\/www.sovijus.lt\/en\/wp-json\/wp\/v2\/pages"}],"about":[{"href":"https:\/\/www.sovijus.lt\/en\/wp-json\/wp\/v2\/types\/page"}],"author":[{"embeddable":true,"href":"https:\/\/www.sovijus.lt\/en\/wp-json\/wp\/v2\/users\/1"}],"replies":[{"embeddable":true,"href":"https:\/\/www.sovijus.lt\/en\/wp-json\/wp\/v2\/comments?post=3516"}],"version-history":[{"count":7,"href":"https:\/\/www.sovijus.lt\/en\/wp-json\/wp\/v2\/pages\/3516\/revisions"}],"predecessor-version":[{"id":3564,"href":"https:\/\/www.sovijus.lt\/en\/wp-json\/wp\/v2\/pages\/3516\/revisions\/3564"}],"up":[{"embeddable":true,"href":"https:\/\/www.sovijus.lt\/en\/wp-json\/wp\/v2\/pages\/3506"}],"wp:attachment":[{"href":"https:\/\/www.sovijus.lt\/en\/wp-json\/wp\/v2\/media?parent=3516"}],"curies":[{"name":"wp","href":"https:\/\/api.w.org\/{rel}","templated":true}]}}